{"id":889,"date":"2025-12-26T07:24:34","date_gmt":"2025-12-26T06:24:34","guid":{"rendered":"https:\/\/mafatec.com\/preprod\/?page_id=889"},"modified":"2025-12-26T08:06:17","modified_gmt":"2025-12-26T07:06:17","slug":"nettoyage-professionnel-industriel","status":"publish","type":"page","link":"https:\/\/mafatec.com\/preprod\/nettoyage-professionnel-industriel\/","title":{"rendered":"Nettoyage professionnel industriel"},"content":{"rendered":"\t\t<div data-elementor-type=\"wp-page\" data-elementor-id=\"889\" class=\"elementor elementor-889\">\n\t\t\t\t<div class=\"elementor-element elementor-element-aa27919 v-center-cols e-flex e-con-boxed e-con e-parent\" data-id=\"aa27919\" data-element_type=\"container\">\n\t\t\t\t\t<div class=\"e-con-inner\">\n\t\t<div class=\"elementor-element elementor-element-95c50b1 e-con-full e-flex e-con e-child\" data-id=\"95c50b1\" data-element_type=\"container\">\n\t\t\t\t<div class=\"elementor-element elementor-element-f371796 elementor-widget elementor-widget-image\" data-id=\"f371796\" data-element_type=\"widget\" data-widget_type=\"image.default\">\n\t\t\t\t\t\t\t\t\t\t\t\t\t\t\t<img fetchpriority=\"high\" decoding=\"async\" width=\"1536\" height=\"1024\" src=\"https:\/\/mafatec.com\/preprod\/wp-content\/uploads\/2025\/12\/nettoyage-professionnel-industriel.jpg\" class=\"attachment-full size-full wp-image-896\" alt=\"MAFATEC - Nettoyage professionnel industriel\" srcset=\"https:\/\/mafatec.com\/preprod\/wp-content\/uploads\/2025\/12\/nettoyage-professionnel-industriel.jpg 1536w, https:\/\/mafatec.com\/preprod\/wp-content\/uploads\/2025\/12\/nettoyage-professionnel-industriel-300x200.jpg 300w, https:\/\/mafatec.com\/preprod\/wp-content\/uploads\/2025\/12\/nettoyage-professionnel-industriel-1024x683.jpg 1024w, https:\/\/mafatec.com\/preprod\/wp-content\/uploads\/2025\/12\/nettoyage-professionnel-industriel-768x512.jpg 768w, https:\/\/mafatec.com\/preprod\/wp-content\/uploads\/2025\/12\/nettoyage-professionnel-industriel-600x400.jpg 600w\" sizes=\"(max-width: 1536px) 100vw, 1536px\" \/>\t\t\t\t\t\t\t\t\t\t\t\t\t\t\t<\/div>\n\t\t\t\t<\/div>\n\t\t<div class=\"elementor-element elementor-element-ec6dfda e-con-full e-flex e-con e-child\" data-id=\"ec6dfda\" data-element_type=\"container\">\n\t\t\t\t<div class=\"elementor-element elementor-element-7c28472 elementor-widget elementor-widget-text-editor\" data-id=\"7c28472\" data-element_type=\"widget\" data-widget_type=\"text-editor.default\">\n\t\t\t\t\t\t\t\t\t<h2><strong>Nettoyage professionnel industriel \u2013 La ma\u00eetrise des environnements techniques par MAFATEC<\/strong><\/h2><p>Dans les environnements industriels et techniques, la propret\u00e9 est un levier strat\u00e9gique. Elle conditionne la s\u00e9curit\u00e9 des personnes, la fiabilit\u00e9 des \u00e9quipements et la continuit\u00e9 d\u2019exploitation.<br \/>MAFATEC d\u00e9ploie des solutions de <strong>nettoyage professionnel industriel<\/strong> \u00e0 haute valeur ajout\u00e9e, con\u00e7ues pour r\u00e9pondre aux exigences des sites sensibles, des infrastructures critiques et des environnements \u00e0 forts enjeux techniques.<\/p><p>Notre approche repose sur une parfaite compr\u00e9hension des <strong>contraintes industrielles, \u00e9lectriques et informatiques<\/strong>. Chaque intervention est structur\u00e9e, ma\u00eetris\u00e9e et orient\u00e9e r\u00e9sultat, dans le respect strict des normes de s\u00e9curit\u00e9, d\u2019hygi\u00e8ne et de<strong> performance<\/strong> attendues par les acteurs professionnels et institutionnels.<\/p>\t\t\t\t\t\t\t\t<\/div>\n\t\t\t\t<\/div>\n\t\t\t\t\t<\/div>\n\t\t\t\t<\/div>\n\t\t<div class=\"elementor-element elementor-element-44a6080 v-center-cols e-flex e-con-boxed e-con e-parent\" data-id=\"44a6080\" data-element_type=\"container\" data-settings=\"{&quot;background_background&quot;:&quot;classic&quot;}\">\n\t\t\t\t\t<div class=\"e-con-inner\">\n\t\t<div class=\"elementor-element elementor-element-0e8842f e-con-full e-flex e-con e-child\" data-id=\"0e8842f\" data-element_type=\"container\">\n\t\t\t\t<div class=\"elementor-element elementor-element-6e1fb81 elementor-widget elementor-widget-text-editor\" data-id=\"6e1fb81\" data-element_type=\"widget\" data-widget_type=\"text-editor.default\">\n\t\t\t\t\t\t\t\t\t<h2><strong>Nos prestations de nettoyage professionnel industriel<\/strong><\/h2><h3><strong>Nettoyage d\u2019usines et d\u2019entrep\u00f4ts industriels<\/strong><\/h3><p>MAFATEC intervient sur les sites de production et de stockage avec des protocoles adapt\u00e9s aux environnements industriels. Sols techniques, zones de production, espaces logistiques, surfaces \u00e0 forte sollicitation : nos interventions contribuent \u00e0 r\u00e9duire les risques op\u00e9rationnels, am\u00e9liorer la s\u00e9curit\u00e9 des \u00e9quipes et maintenir un haut niveau de performance industrielle.<\/p><h3><strong>Nettoyage des locaux techniques et infrastructures sensibles<\/strong><\/h3><p>Les locaux techniques exigent une approche rigoureuse et sp\u00e9cialis\u00e9e. Armoires \u00e9lectriques, onduleurs, chemins de c\u00e2bles, locaux CFO\/CFA : nous r\u00e9alisons un nettoyage pr\u00e9cis et s\u00e9curis\u00e9, sans impact sur le fonctionnement des \u00e9quipements. Cette ma\u00eetrise limite les risques de d\u00e9faillance et prolonge la dur\u00e9e de vie des installations.<\/p><h3><strong>Nettoyage des salles informatiques et data centers<\/strong><\/h3><p>Dans les environnements IT, la moindre contamination peut avoir des cons\u00e9quences majeures. MAFATEC met en \u0153uvre des m\u00e9thodes de <strong>nettoyage professionnel industriel<\/strong> sp\u00e9cifiques aux salles informatiques et data centers : interventions antistatiques, micro-d\u00e9poussi\u00e9rage, respect des flux d\u2019air et des contraintes d\u2019exploitation. L\u2019objectif est clair : garantir la disponibilit\u00e9, la fiabilit\u00e9 et la continuit\u00e9 des syst\u00e8mes.<\/p>\t\t\t\t\t\t\t\t<\/div>\n\t\t\t\t<\/div>\n\t\t<div class=\"elementor-element elementor-element-1bac3ca e-con-full e-flex e-con e-child\" data-id=\"1bac3ca\" data-element_type=\"container\">\n\t\t\t\t<div class=\"elementor-element elementor-element-2e590be elementor-widget elementor-widget-image\" data-id=\"2e590be\" data-element_type=\"widget\" data-widget_type=\"image.default\">\n\t\t\t\t\t\t\t\t\t\t\t\t\t\t\t<img decoding=\"async\" width=\"1536\" height=\"1024\" src=\"https:\/\/mafatec.com\/preprod\/wp-content\/uploads\/2025\/12\/nettoyage-usines-entrepots-industriels.jpg\" class=\"attachment-full size-full wp-image-893\" alt=\"MAFATEC - Nettoyage d\u2019usines et d\u2019entrep\u00f4ts industriels\" srcset=\"https:\/\/mafatec.com\/preprod\/wp-content\/uploads\/2025\/12\/nettoyage-usines-entrepots-industriels.jpg 1536w, https:\/\/mafatec.com\/preprod\/wp-content\/uploads\/2025\/12\/nettoyage-usines-entrepots-industriels-300x200.jpg 300w, https:\/\/mafatec.com\/preprod\/wp-content\/uploads\/2025\/12\/nettoyage-usines-entrepots-industriels-1024x683.jpg 1024w, https:\/\/mafatec.com\/preprod\/wp-content\/uploads\/2025\/12\/nettoyage-usines-entrepots-industriels-768x512.jpg 768w, https:\/\/mafatec.com\/preprod\/wp-content\/uploads\/2025\/12\/nettoyage-usines-entrepots-industriels-600x400.jpg 600w\" sizes=\"(max-width: 1536px) 100vw, 1536px\" \/>\t\t\t\t\t\t\t\t\t\t\t\t\t\t\t<\/div>\n\t\t\t\t<div class=\"elementor-element elementor-element-bf14df0 elementor-widget elementor-widget-image\" data-id=\"bf14df0\" data-element_type=\"widget\" data-widget_type=\"image.default\">\n\t\t\t\t\t\t\t\t\t\t\t\t\t\t\t<img decoding=\"async\" width=\"1536\" height=\"1024\" src=\"https:\/\/mafatec.com\/preprod\/wp-content\/uploads\/2025\/12\/nettoyage-locaux-techniques-infrastructure-sensible.jpg\" class=\"attachment-full size-full wp-image-895\" alt=\"MAFATEC - Nettoyage des locaux techniques et infrastructures sensibles\" srcset=\"https:\/\/mafatec.com\/preprod\/wp-content\/uploads\/2025\/12\/nettoyage-locaux-techniques-infrastructure-sensible.jpg 1536w, https:\/\/mafatec.com\/preprod\/wp-content\/uploads\/2025\/12\/nettoyage-locaux-techniques-infrastructure-sensible-300x200.jpg 300w, https:\/\/mafatec.com\/preprod\/wp-content\/uploads\/2025\/12\/nettoyage-locaux-techniques-infrastructure-sensible-1024x683.jpg 1024w, https:\/\/mafatec.com\/preprod\/wp-content\/uploads\/2025\/12\/nettoyage-locaux-techniques-infrastructure-sensible-768x512.jpg 768w, https:\/\/mafatec.com\/preprod\/wp-content\/uploads\/2025\/12\/nettoyage-locaux-techniques-infrastructure-sensible-600x400.jpg 600w\" sizes=\"(max-width: 1536px) 100vw, 1536px\" \/>\t\t\t\t\t\t\t\t\t\t\t\t\t\t\t<\/div>\n\t\t\t\t<div class=\"elementor-element elementor-element-324460c elementor-widget elementor-widget-image\" data-id=\"324460c\" data-element_type=\"widget\" data-widget_type=\"image.default\">\n\t\t\t\t\t\t\t\t\t\t\t\t\t\t\t<img loading=\"lazy\" decoding=\"async\" width=\"1536\" height=\"1024\" src=\"https:\/\/mafatec.com\/preprod\/wp-content\/uploads\/2025\/12\/nettoyage-salles-informatiques-datacenters.jpg\" class=\"attachment-full size-full wp-image-897\" alt=\"MAFATEC - Nettoyage des salles informatiques et data centers\" srcset=\"https:\/\/mafatec.com\/preprod\/wp-content\/uploads\/2025\/12\/nettoyage-salles-informatiques-datacenters.jpg 1536w, https:\/\/mafatec.com\/preprod\/wp-content\/uploads\/2025\/12\/nettoyage-salles-informatiques-datacenters-300x200.jpg 300w, https:\/\/mafatec.com\/preprod\/wp-content\/uploads\/2025\/12\/nettoyage-salles-informatiques-datacenters-1024x683.jpg 1024w, https:\/\/mafatec.com\/preprod\/wp-content\/uploads\/2025\/12\/nettoyage-salles-informatiques-datacenters-768x512.jpg 768w, https:\/\/mafatec.com\/preprod\/wp-content\/uploads\/2025\/12\/nettoyage-salles-informatiques-datacenters-600x400.jpg 600w\" sizes=\"(max-width: 1536px) 100vw, 1536px\" \/>\t\t\t\t\t\t\t\t\t\t\t\t\t\t\t<\/div>\n\t\t\t\t<\/div>\n\t\t\t\t\t<\/div>\n\t\t\t\t<\/div>\n\t\t<div class=\"elementor-element elementor-element-c93c68e v-center-cols e-flex e-con-boxed e-con e-parent\" data-id=\"c93c68e\" data-element_type=\"container\">\n\t\t\t\t\t<div class=\"e-con-inner\">\n\t\t<div class=\"elementor-element elementor-element-f47c9a4 e-con-full e-flex e-con e-child\" data-id=\"f47c9a4\" data-element_type=\"container\">\n\t\t\t\t<div class=\"elementor-element elementor-element-92cfe7e elementor-widget elementor-widget-image\" data-id=\"92cfe7e\" data-element_type=\"widget\" data-widget_type=\"image.default\">\n\t\t\t\t\t\t\t\t\t\t\t\t\t\t\t<img loading=\"lazy\" decoding=\"async\" width=\"1024\" height=\"683\" src=\"https:\/\/mafatec.com\/preprod\/wp-content\/uploads\/2025\/12\/excellence-nettoyage-professionnel-industriel-1024x683.jpg\" class=\"attachment-large size-large wp-image-894\" alt=\"L\u2019excellence du nettoyage professionnel industriel selon MAFATEC\" srcset=\"https:\/\/mafatec.com\/preprod\/wp-content\/uploads\/2025\/12\/excellence-nettoyage-professionnel-industriel-1024x683.jpg 1024w, https:\/\/mafatec.com\/preprod\/wp-content\/uploads\/2025\/12\/excellence-nettoyage-professionnel-industriel-300x200.jpg 300w, https:\/\/mafatec.com\/preprod\/wp-content\/uploads\/2025\/12\/excellence-nettoyage-professionnel-industriel-768x512.jpg 768w, https:\/\/mafatec.com\/preprod\/wp-content\/uploads\/2025\/12\/excellence-nettoyage-professionnel-industriel-600x400.jpg 600w, https:\/\/mafatec.com\/preprod\/wp-content\/uploads\/2025\/12\/excellence-nettoyage-professionnel-industriel.jpg 1536w\" sizes=\"(max-width: 1024px) 100vw, 1024px\" \/>\t\t\t\t\t\t\t\t\t\t\t\t\t\t\t<\/div>\n\t\t\t\t<\/div>\n\t\t<div class=\"elementor-element elementor-element-8fdfab6 e-con-full e-flex e-con e-child\" data-id=\"8fdfab6\" data-element_type=\"container\">\n\t\t\t\t<div class=\"elementor-element elementor-element-67b03e3 elementor-widget elementor-widget-text-editor\" data-id=\"67b03e3\" data-element_type=\"widget\" data-widget_type=\"text-editor.default\">\n\t\t\t\t\t\t\t\t\t<h2><strong>L\u2019excellence du nettoyage professionnel industriel selon MAFATEC<\/strong><\/h2><p>Choisir MAFATEC, c\u2019est s\u2019appuyer sur un partenaire qui d\u00e9passe la simple prestation de nettoyage. Notre <strong>nettoyage professionnel industriel<\/strong> s\u2019inscrit dans une logique globale de ma\u00eetrise des risques, d\u2019optimisation des performances et de valorisation des infrastructures. Chaque mission d\u00e9bute par une analyse technique pr\u00e9cise afin de d\u00e9finir les m\u00e9thodes, les fr\u00e9quences et les niveaux d\u2019intervention adapt\u00e9s \u00e0 votre site. Nos \u00e9quipes sp\u00e9cialis\u00e9es interviennent avec des \u00e9quipements professionnels, des proc\u00e9dures \u00e9prouv\u00e9es et un haut niveau d\u2019exigence op\u00e9rationnelle. Le r\u00e9sultat : des environnements propres, s\u00e9curis\u00e9s, conformes et durables, qui renforcent la fiabilit\u00e9 de vos installations et l\u2019image de votre organisation aupr\u00e8s de vos collaborateurs, partenaires et clients.<\/p>\t\t\t\t\t\t\t\t<\/div>\n\t\t\t\t<\/div>\n\t\t\t\t\t<\/div>\n\t\t\t\t<\/div>\n\t\t<div class=\"elementor-element elementor-element-5db78c0 v-center-cols e-flex e-con-boxed e-con e-parent\" data-id=\"5db78c0\" data-element_type=\"container\" data-settings=\"{&quot;background_background&quot;:&quot;classic&quot;}\">\n\t\t\t\t\t<div class=\"e-con-inner\">\n\t\t<div class=\"elementor-element elementor-element-5f774b0d e-con-full e-flex e-con e-child\" data-id=\"5f774b0d\" data-element_type=\"container\">\n\t\t\t\t<div class=\"elementor-element elementor-element-5d7685d7 elementor-widget elementor-widget-text-editor\" data-id=\"5d7685d7\" data-element_type=\"widget\" data-widget_type=\"text-editor.default\">\n\t\t\t\t\t\t\t\t\t<div class=\"elementor-element elementor-element-b8f14b3 elementor-widget elementor-widget-heading\" data-id=\"b8f14b3\" data-element_type=\"widget\" data-widget_type=\"heading.default\"><div class=\"elementor-widget-container\"><p class=\"elementor-heading-title elementor-size-default\"><strong><span style=\"color: #009473;\">Lr\u00eat \u00e0 transformer votre vision en r\u00e9alit\u00e9 ?<\/span><\/strong><\/p><\/div><\/div><div class=\"elementor-element elementor-element-d019969 elementor-widget elementor-widget-heading\" data-id=\"d019969\" data-element_type=\"widget\" data-widget_type=\"heading.default\"><div class=\"elementor-widget-container\"><h2 data-start=\"124\" data-end=\"209\">Donnez Vie \u00e0 Votre Projet avec <br \/>un Expert Certifi\u00e9<\/h2><p data-start=\"211\" data-end=\"487\">Discutez de votre projet avec un expert d\u00e9di\u00e9, b\u00e9n\u00e9ficiez d\u2019un accompagnement personnalis\u00e9 et recevez une analyse compl\u00e8te ainsi qu\u2019un devis clair et optimis\u00e9 sous 48h.<\/p><\/div><\/div>\t\t\t\t\t\t\t\t<\/div>\n\t\t\t\t<div class=\"elementor-element elementor-element-41214834 bouton-bleu elementor-widget elementor-widget-button\" data-id=\"41214834\" data-element_type=\"widget\" data-widget_type=\"button.default\">\n\t\t\t\t\t\t\t\t\t\t<a class=\"elementor-button elementor-button-link elementor-size-sm\" href=\"#\">\n\t\t\t\t\t\t<span class=\"elementor-button-content-wrapper\">\n\t\t\t\t\t\t\t\t\t<span class=\"elementor-button-text\">Contactez-nous d\u00e8s maintenant<\/span>\n\t\t\t\t\t<\/span>\n\t\t\t\t\t<\/a>\n\t\t\t\t\t\t\t\t<\/div>\n\t\t\t\t<\/div>\n\t\t<div class=\"elementor-element elementor-element-255c96cf e-con-full e-flex e-con e-child\" data-id=\"255c96cf\" data-element_type=\"container\">\n\t\t\t\t<div class=\"elementor-element elementor-element-520be003 elementor-widget elementor-widget-image\" data-id=\"520be003\" data-element_type=\"widget\" data-widget_type=\"image.default\">\n\t\t\t\t\t\t\t\t\t\t\t\t\t\t\t<img loading=\"lazy\" decoding=\"async\" width=\"300\" height=\"235\" src=\"https:\/\/mafatec.com\/preprod\/wp-content\/uploads\/2025\/12\/contact-mafatec-300x235.png\" class=\"attachment-medium size-medium wp-image-153\" alt=\"Contact MAFATEC\" srcset=\"https:\/\/mafatec.com\/preprod\/wp-content\/uploads\/2025\/12\/contact-mafatec-300x235.png 300w, https:\/\/mafatec.com\/preprod\/wp-content\/uploads\/2025\/12\/contact-mafatec-1024x803.png 1024w, https:\/\/mafatec.com\/preprod\/wp-content\/uploads\/2025\/12\/contact-mafatec-768x603.png 768w, https:\/\/mafatec.com\/preprod\/wp-content\/uploads\/2025\/12\/contact-mafatec-600x471.png 600w, https:\/\/mafatec.com\/preprod\/wp-content\/uploads\/2025\/12\/contact-mafatec.png 1188w\" sizes=\"(max-width: 300px) 100vw, 300px\" \/>\t\t\t\t\t\t\t\t\t\t\t\t\t\t\t<\/div>\n\t\t\t\t<\/div>\n\t\t\t\t\t<\/div>\n\t\t\t\t<\/div>\n\t\t\t\t<\/div>\n\t\t","protected":false},"excerpt":{"rendered":"<p>Nettoyage professionnel industriel \u2013 La ma\u00eetrise des environnements techniques par MAFATEC Dans les environnements industriels et techniques, la propret\u00e9 est un levier strat\u00e9gique. Elle conditionne la s\u00e9curit\u00e9 des personnes, la fiabilit\u00e9 des \u00e9quipements et la continuit\u00e9 d\u2019exploitation.MAFATEC d\u00e9ploie des solutions de nettoyage professionnel industriel \u00e0 haute valeur ajout\u00e9e, con\u00e7ues pour r\u00e9pondre aux exigences des sites [&hellip;]<\/p>\n","protected":false},"author":1,"featured_media":0,"parent":0,"menu_order":0,"comment_status":"closed","ping_status":"closed","template":"","meta":{"footnotes":""},"class_list":["post-889","page","type-page","status-publish","hentry"],"jetpack_sharing_enabled":true,"_links":{"self":[{"href":"https:\/\/mafatec.com\/preprod\/wp-json\/wp\/v2\/pages\/889","targetHints":{"allow":["GET"]}}],"collection":[{"href":"https:\/\/mafatec.com\/preprod\/wp-json\/wp\/v2\/pages"}],"about":[{"href":"https:\/\/mafatec.com\/preprod\/wp-json\/wp\/v2\/types\/page"}],"author":[{"embeddable":true,"href":"https:\/\/mafatec.com\/preprod\/wp-json\/wp\/v2\/users\/1"}],"replies":[{"embeddable":true,"href":"https:\/\/mafatec.com\/preprod\/wp-json\/wp\/v2\/comments?post=889"}],"version-history":[{"count":4,"href":"https:\/\/mafatec.com\/preprod\/wp-json\/wp\/v2\/pages\/889\/revisions"}],"predecessor-version":[{"id":900,"href":"https:\/\/mafatec.com\/preprod\/wp-json\/wp\/v2\/pages\/889\/revisions\/900"}],"wp:attachment":[{"href":"https:\/\/mafatec.com\/preprod\/wp-json\/wp\/v2\/media?parent=889"}],"curies":[{"name":"wp","href":"https:\/\/api.w.org\/{rel}","templated":true}]}}