{"id":84,"date":"2025-12-22T10:09:31","date_gmt":"2025-12-22T09:09:31","guid":{"rendered":"https:\/\/mafatec.com\/preprod\/?page_id=84"},"modified":"2025-12-26T14:14:31","modified_gmt":"2025-12-26T13:14:31","slug":"guide-des-demarches-administratives","status":"publish","type":"page","link":"https:\/\/mafatec.com\/preprod\/guide-des-demarches-administratives\/","title":{"rendered":"Guide des D\u00e9marches Administratives"},"content":{"rendered":"\t\t<div data-elementor-type=\"wp-page\" data-elementor-id=\"84\" class=\"elementor elementor-84\">\n\t\t\t\t<div class=\"elementor-element elementor-element-d32350b e-flex e-con-boxed e-con e-parent\" data-id=\"d32350b\" data-element_type=\"container\">\n\t\t\t\t\t<div class=\"e-con-inner\">\n\t\t<div class=\"elementor-element elementor-element-6b29148 e-con-full e-flex e-con e-child\" data-id=\"6b29148\" data-element_type=\"container\">\n\t\t\t\t<div class=\"elementor-element elementor-element-eb3fab8 elementor-widget elementor-widget-image\" data-id=\"eb3fab8\" data-element_type=\"widget\" data-widget_type=\"image.default\">\n\t\t\t\t\t\t\t\t\t\t\t\t\t\t\t<img fetchpriority=\"high\" decoding=\"async\" width=\"1536\" height=\"1024\" src=\"https:\/\/mafatec.com\/preprod\/wp-content\/uploads\/2025\/12\/demarches-administratives.png\" class=\"attachment-full size-full wp-image-87\" alt=\"Guide des D\u00e9marches Administratives\" srcset=\"https:\/\/mafatec.com\/preprod\/wp-content\/uploads\/2025\/12\/demarches-administratives.png 1536w, https:\/\/mafatec.com\/preprod\/wp-content\/uploads\/2025\/12\/demarches-administratives-300x200.png 300w, https:\/\/mafatec.com\/preprod\/wp-content\/uploads\/2025\/12\/demarches-administratives-1024x683.png 1024w, https:\/\/mafatec.com\/preprod\/wp-content\/uploads\/2025\/12\/demarches-administratives-768x512.png 768w, https:\/\/mafatec.com\/preprod\/wp-content\/uploads\/2025\/12\/demarches-administratives-600x400.png 600w\" sizes=\"(max-width: 1536px) 100vw, 1536px\" \/>\t\t\t\t\t\t\t\t\t\t\t\t\t\t\t<\/div>\n\t\t\t\t<\/div>\n\t\t<div class=\"elementor-element elementor-element-458acbf e-con-full e-flex e-con e-child\" data-id=\"458acbf\" data-element_type=\"container\">\n\t\t\t\t<div class=\"elementor-element elementor-element-2fc85c5 elementor-widget elementor-widget-text-editor\" data-id=\"2fc85c5\" data-element_type=\"widget\" data-widget_type=\"text-editor.default\">\n\t\t\t\t\t\t\t\t\t<h2>Le Photovolta\u00efque et ses B\u00e9n\u00e9fices<\/h2><p>L\u2019\u00e9nergie solaire photovolta\u00efque est une solution durable et rentable pour produire une \u00e9lectricit\u00e9 propre, que ce soit pour une r\u00e9sidence principale, secondaire ou un site isol\u00e9. Elle permet de r\u00e9duire l\u2019empreinte carbone, de r\u00e9aliser des \u00e9conomies sur les factures d\u2019\u00e9nergie et de valoriser le patrimoine immobilier. Toutefois, la r\u00e9ussite d\u2019un projet photovolta\u00efque d\u00e9pend fortement de la bonne gestion des d\u00e9marches administratives. Celles-ci comprennent la d\u00e9claration pr\u00e9alable de travaux, la demande de raccordement \u00e0 ENEDIS, l\u2019obtention de l\u2019attestation de conformit\u00e9 du CONSUEL et la vente du surplus d\u2019\u00e9lectricit\u00e9 \u00e0 EDF-OA. Ce guide vous accompagne \u00e0 chaque \u00e9tape pour mener votre projet sereinement, en toute conformit\u00e9, s\u00e9curit\u00e9 et rentabilit\u00e9.<\/p>\t\t\t\t\t\t\t\t<\/div>\n\t\t\t\t<\/div>\n\t\t\t\t\t<\/div>\n\t\t\t\t<\/div>\n\t\t<div class=\"elementor-element elementor-element-2fc4d49 e-flex e-con-boxed e-con e-parent\" data-id=\"2fc4d49\" data-element_type=\"container\" data-settings=\"{&quot;background_background&quot;:&quot;classic&quot;}\">\n\t\t\t\t\t<div class=\"e-con-inner\">\n\t\t<div class=\"elementor-element elementor-element-b255b7f e-con-full e-flex e-con e-child\" data-id=\"b255b7f\" data-element_type=\"container\">\n\t\t\t\t<div class=\"elementor-element elementor-element-dd2394c elementor-widget elementor-widget-text-editor\" data-id=\"dd2394c\" data-element_type=\"widget\" data-widget_type=\"text-editor.default\">\n\t\t\t\t\t\t\t\t\t<p><strong><span style=\"color: #009473;\">Demande Pr\u00e9alable de Travaux\u00a0<\/span><\/strong><\/p><h2>Comprendre et r\u00e9ussir la demande pr\u00e9alable de travaux pour une installation photovolta\u00efque<\/h2><p>L\u2019installation de panneaux solaires modifie l\u2019aspect du b\u00e2timent et requiert une d\u00e9claration pr\u00e9alable en mairie afin de v\u00e9rifier la conformit\u00e9 aux r\u00e8gles d\u2019urbanisme et \u00e0 l\u2019environnement.<\/p><p><strong>Dans quels cas la d\u00e9claration pr\u00e9alable est-elle obligatoire ?<\/strong><\/p><p>Une d\u00e9claration pr\u00e9alable de travaux est requise si les panneaux solaires sont install\u00e9s \u00e0 plus de 1,80 m de hauteur ou si la puissance de l\u2019installation d\u00e9passe 3 kWc. Cette obligation concerne les installations en toiture, en fa\u00e7ade ou au sol, d\u00e8s lors qu\u2019elles modifient l\u2019aspect ext\u00e9rieur du b\u00e2timent. Les installations au sol de faible hauteur et de faible puissance en sont g\u00e9n\u00e9ralement exempt\u00e9es.<\/p><p><strong>Comment r\u00e9aliser cette demande ?<\/strong><\/p><p>La demande s\u2019effectue via le formulaire CERFA n\u00b013703*06, \u00e0 d\u00e9poser en mairie avec les documents requis (plans de situation, croquis de l\u2019installation et photos de l\u2019emplacement). L\u2019instruction du dossier peut prendre jusqu\u2019\u00e0 un mois ; sans r\u00e9ponse dans ce d\u00e9lai, l\u2019accord est tacite. En zone prot\u00e9g\u00e9e ou \u00e0 proximit\u00e9 d\u2019un monument historique, l\u2019avis de l\u2019Architecte des B\u00e2timents de France peut \u00eatre exig\u00e9 et entra\u00eener des contraintes suppl\u00e9mentaires.<\/p><p>Bien que simple, cette d\u00e9marche est indispensable pour garantir la conformit\u00e9 l\u00e9gale de votre installation photovolta\u00efque et vous permettre de lancer les travaux sereinement.<\/p>\t\t\t\t\t\t\t\t<\/div>\n\t\t\t\t<\/div>\n\t\t<div class=\"elementor-element elementor-element-ae33386 e-con-full e-flex e-con e-child\" data-id=\"ae33386\" data-element_type=\"container\">\n\t\t\t\t<div class=\"elementor-element elementor-element-3687e5b elementor-widget elementor-widget-image\" data-id=\"3687e5b\" data-element_type=\"widget\" data-widget_type=\"image.default\">\n\t\t\t\t\t\t\t\t\t\t\t\t\t\t\t<img decoding=\"async\" width=\"683\" height=\"1024\" src=\"https:\/\/mafatec.com\/preprod\/wp-content\/uploads\/2025\/12\/demande-prealable-de-travaux-mafatec-683x1024.png\" class=\"attachment-large size-large wp-image-108\" alt=\"Mafatec - Demande Pr\u00e9alable de Travaux\" srcset=\"https:\/\/mafatec.com\/preprod\/wp-content\/uploads\/2025\/12\/demande-prealable-de-travaux-mafatec-683x1024.png 683w, https:\/\/mafatec.com\/preprod\/wp-content\/uploads\/2025\/12\/demande-prealable-de-travaux-mafatec-200x300.png 200w, https:\/\/mafatec.com\/preprod\/wp-content\/uploads\/2025\/12\/demande-prealable-de-travaux-mafatec-768x1152.png 768w, https:\/\/mafatec.com\/preprod\/wp-content\/uploads\/2025\/12\/demande-prealable-de-travaux-mafatec-600x900.png 600w, https:\/\/mafatec.com\/preprod\/wp-content\/uploads\/2025\/12\/demande-prealable-de-travaux-mafatec.png 1024w\" sizes=\"(max-width: 683px) 100vw, 683px\" \/>\t\t\t\t\t\t\t\t\t\t\t\t\t\t\t<\/div>\n\t\t\t\t<\/div>\n\t\t\t\t\t<\/div>\n\t\t\t\t<\/div>\n\t\t<div class=\"elementor-element elementor-element-655f182 e-flex e-con-boxed e-con e-parent\" data-id=\"655f182\" data-element_type=\"container\">\n\t\t\t\t\t<div class=\"e-con-inner\">\n\t\t<div class=\"elementor-element elementor-element-c779fcb e-con-full e-flex e-con e-child\" data-id=\"c779fcb\" data-element_type=\"container\">\n\t\t\t\t<div class=\"elementor-element elementor-element-9064e28 elementor-widget elementor-widget-image\" data-id=\"9064e28\" data-element_type=\"widget\" data-widget_type=\"image.default\">\n\t\t\t\t\t\t\t\t\t\t\t\t\t\t\t<img decoding=\"async\" width=\"917\" height=\"1024\" src=\"https:\/\/mafatec.com\/preprod\/wp-content\/uploads\/2025\/12\/raccordement-photovoltaique-reseau-enedis-917x1024.png\" class=\"attachment-large size-large wp-image-128\" alt=\"\" srcset=\"https:\/\/mafatec.com\/preprod\/wp-content\/uploads\/2025\/12\/raccordement-photovoltaique-reseau-enedis-917x1024.png 917w, https:\/\/mafatec.com\/preprod\/wp-content\/uploads\/2025\/12\/raccordement-photovoltaique-reseau-enedis-269x300.png 269w, https:\/\/mafatec.com\/preprod\/wp-content\/uploads\/2025\/12\/raccordement-photovoltaique-reseau-enedis-768x858.png 768w, https:\/\/mafatec.com\/preprod\/wp-content\/uploads\/2025\/12\/raccordement-photovoltaique-reseau-enedis-600x670.png 600w, https:\/\/mafatec.com\/preprod\/wp-content\/uploads\/2025\/12\/raccordement-photovoltaique-reseau-enedis.png 1024w\" sizes=\"(max-width: 917px) 100vw, 917px\" \/>\t\t\t\t\t\t\t\t\t\t\t\t\t\t\t<\/div>\n\t\t\t\t<\/div>\n\t\t<div class=\"elementor-element elementor-element-fd30eab e-con-full e-flex e-con e-child\" data-id=\"fd30eab\" data-element_type=\"container\">\n\t\t\t\t<div class=\"elementor-element elementor-element-1deeeed elementor-widget elementor-widget-text-editor\" data-id=\"1deeeed\" data-element_type=\"widget\" data-widget_type=\"text-editor.default\">\n\t\t\t\t\t\t\t\t\t<p class=\"elementor-heading-title elementor-size-default\"><span style=\"color: #009473;\"><strong>Demande de Raccordement<\/strong><\/span><\/p><h2>Raccordement photovolta\u00efque au r\u00e9seau ENEDIS : d\u00e9marches et \u00e9tapes<\/h2><p data-start=\"173\" data-end=\"524\">Le <strong>raccordement<\/strong> de votre installation photovolta\u00efque au r\u00e9seau public g\u00e9r\u00e9 par <strong>ENEDIS<\/strong> est indispensable pour injecter l\u2019\u00e9lectricit\u00e9 produite, que ce soit en autoconsommation avec ou sans surplus, ou en revente totale. Tous les projets <strong>raccord\u00e9s au r\u00e9seau<\/strong> sont concern\u00e9s par cette d\u00e9marche ; seules les installations sur sites isol\u00e9s en sont exempt\u00e9es.<\/p><p data-start=\"526\" data-end=\"953\">La demande de raccordement s\u2019effectue en ligne sur le portail <strong>ENEDIS<\/strong>. Elle n\u00e9cessite la transmission d\u2019informations techniques telles que la puissance install\u00e9e, le type d\u2019onduleur et les caract\u00e9ristiques du compteur. <strong>ENEDIS<\/strong> analyse ensuite la <strong>capacit\u00e9 du r\u00e9seau<\/strong> local et peut proposer des adaptations. Pour les installations inf\u00e9rieures \u00e0 36 kVA, les \u00e9ventuels travaux de renforcement du r\u00e9seau sont pris en charge par <strong>ENEDIS<\/strong>.<\/p><p data-start=\"955\" data-end=\"1182\" data-is-last-node=\"\" data-is-only-node=\"\">En cas d\u2019autoconsommation sans injection, une Convention d\u2019<strong>AutoConsommation Sans Injection (CACSI)<\/strong> doit \u00eatre sign\u00e9e, garantissant que l\u2019\u00e9lectricit\u00e9 produite est enti\u00e8rement consomm\u00e9e sur site, sans retour vers le r\u00e9seau public.<\/p>\t\t\t\t\t\t\t\t<\/div>\n\t\t\t\t<\/div>\n\t\t\t\t\t<\/div>\n\t\t\t\t<\/div>\n\t\t<div class=\"elementor-element elementor-element-82bd980 v-center-cols e-flex e-con-boxed e-con e-parent\" data-id=\"82bd980\" data-element_type=\"container\" data-settings=\"{&quot;background_background&quot;:&quot;classic&quot;}\">\n\t\t\t\t\t<div class=\"e-con-inner\">\n\t\t<div class=\"elementor-element elementor-element-6ff1bfb e-con-full e-flex e-con e-child\" data-id=\"6ff1bfb\" data-element_type=\"container\">\n\t\t\t\t<div class=\"elementor-element elementor-element-25a8739 elementor-widget elementor-widget-text-editor\" data-id=\"25a8739\" data-element_type=\"widget\" data-widget_type=\"text-editor.default\">\n\t\t\t\t\t\t\t\t\t<div class=\"elementor-element elementor-element-b8f14b3 elementor-widget elementor-widget-heading\" data-id=\"b8f14b3\" data-element_type=\"widget\" data-widget_type=\"heading.default\"><div class=\"elementor-widget-container\"><p class=\"elementor-heading-title elementor-size-default\"><strong><span style=\"color: #009473;\">L\u2019Attestation CONSUEL\u00a0<\/span><\/strong><\/p><\/div><\/div><div class=\"elementor-element elementor-element-d019969 elementor-widget elementor-widget-heading\" data-id=\"d019969\" data-element_type=\"widget\" data-widget_type=\"heading.default\"><div class=\"elementor-widget-container\"><h2 data-start=\"124\" data-end=\"209\">Attestation CONSUEL : s\u00e9curit\u00e9 et conformit\u00e9 de votre installation photovolta\u00efque<\/h2><p data-start=\"211\" data-end=\"487\">L\u2019attestation de conformit\u00e9 du <strong>CONSUEL<\/strong> est obligatoire pour toute installation photovolta\u00efque raccord\u00e9e au r\u00e9seau public. D\u00e9livr\u00e9e par un organisme agr\u00e9\u00e9, elle certifie que l\u2019installation respecte les normes de s\u00e9curit\u00e9 \u00e9lectrique en vigueur et conditionne sa mise en service.<\/p><p data-start=\"489\" data-end=\"767\"><strong>Le CONSUEL (Comit\u00e9 National pour la S\u00e9curit\u00e9 des Usagers de l\u2019\u00c9lectricit\u00e9)<\/strong> est l\u2019organisme charg\u00e9 de contr\u00f4ler la conformit\u00e9 des installations \u00e9lectriques, notamment lors de cr\u00e9ations ou de modifications importantes. Son r\u00f4le est essentiel pour pr\u00e9venir les risques \u00e9lectriques.<\/p><p data-start=\"769\" data-end=\"1163\" data-is-last-node=\"\" data-is-only-node=\"\">Cette attestation est exig\u00e9e par <strong>ENEDIS<\/strong> avant le raccordement d\u00e9finitif au r\u00e9seau. Pour l\u2019obtenir, un dossier technique complet doit \u00eatre constitu\u00e9 (sch\u00e9ma \u00e9lectrique, description des \u00e9quipements, certificats des onduleurs). Une inspection sur site est ensuite r\u00e9alis\u00e9e. En cas de conformit\u00e9, l\u2019attestation est d\u00e9livr\u00e9e, permettant de finaliser le raccordement de l\u2019installation photovolta\u00efque.<\/p><\/div><\/div>\t\t\t\t\t\t\t\t<\/div>\n\t\t\t\t<\/div>\n\t\t<div class=\"elementor-element elementor-element-2caff4c e-con-full e-flex e-con e-child\" data-id=\"2caff4c\" data-element_type=\"container\">\n\t\t\t\t<div class=\"elementor-element elementor-element-98bd372 elementor-widget elementor-widget-image\" data-id=\"98bd372\" data-element_type=\"widget\" data-widget_type=\"image.default\">\n\t\t\t\t\t\t\t\t\t\t\t\t\t\t\t<img loading=\"lazy\" decoding=\"async\" width=\"1024\" height=\"683\" src=\"https:\/\/mafatec.com\/preprod\/wp-content\/uploads\/2025\/12\/consuel-1024x683.png\" class=\"attachment-large size-large wp-image-139\" alt=\"Attestation CONSUEL\" srcset=\"https:\/\/mafatec.com\/preprod\/wp-content\/uploads\/2025\/12\/consuel-1024x683.png 1024w, https:\/\/mafatec.com\/preprod\/wp-content\/uploads\/2025\/12\/consuel-300x200.png 300w, https:\/\/mafatec.com\/preprod\/wp-content\/uploads\/2025\/12\/consuel-768x512.png 768w, https:\/\/mafatec.com\/preprod\/wp-content\/uploads\/2025\/12\/consuel-600x400.png 600w, https:\/\/mafatec.com\/preprod\/wp-content\/uploads\/2025\/12\/consuel.png 1536w\" sizes=\"(max-width: 1024px) 100vw, 1024px\" \/>\t\t\t\t\t\t\t\t\t\t\t\t\t\t\t<\/div>\n\t\t\t\t<\/div>\n\t\t\t\t\t<\/div>\n\t\t\t\t<\/div>\n\t\t<div class=\"elementor-element elementor-element-ccd362b v-center-cols e-flex e-con-boxed e-con e-parent\" data-id=\"ccd362b\" data-element_type=\"container\">\n\t\t\t\t\t<div class=\"e-con-inner\">\n\t\t<div class=\"elementor-element elementor-element-0a74eff e-con-full e-flex e-con e-child\" data-id=\"0a74eff\" data-element_type=\"container\">\n\t\t\t\t<div class=\"elementor-element elementor-element-54006b2 elementor-widget elementor-widget-image\" data-id=\"54006b2\" data-element_type=\"widget\" data-widget_type=\"image.default\">\n\t\t\t\t\t\t\t\t\t\t\t\t\t\t\t<img loading=\"lazy\" decoding=\"async\" width=\"1024\" height=\"683\" src=\"https:\/\/mafatec.com\/preprod\/wp-content\/uploads\/2025\/12\/revente-electricite-1024x683.png\" class=\"attachment-large size-large wp-image-158\" alt=\"Revente de l\u2019\u00e9lectricit\u00e9 photovolta\u00efque avec EDF-OA\" srcset=\"https:\/\/mafatec.com\/preprod\/wp-content\/uploads\/2025\/12\/revente-electricite-1024x683.png 1024w, https:\/\/mafatec.com\/preprod\/wp-content\/uploads\/2025\/12\/revente-electricite-300x200.png 300w, https:\/\/mafatec.com\/preprod\/wp-content\/uploads\/2025\/12\/revente-electricite-768x512.png 768w, https:\/\/mafatec.com\/preprod\/wp-content\/uploads\/2025\/12\/revente-electricite-600x400.png 600w, https:\/\/mafatec.com\/preprod\/wp-content\/uploads\/2025\/12\/revente-electricite.png 1536w\" sizes=\"(max-width: 1024px) 100vw, 1024px\" \/>\t\t\t\t\t\t\t\t\t\t\t\t\t\t\t<\/div>\n\t\t\t\t<\/div>\n\t\t<div class=\"elementor-element elementor-element-6d31326 e-con-full e-flex e-con e-child\" data-id=\"6d31326\" data-element_type=\"container\">\n\t\t\t\t<div class=\"elementor-element elementor-element-ada94f2 elementor-widget elementor-widget-text-editor\" data-id=\"ada94f2\" data-element_type=\"widget\" data-widget_type=\"text-editor.default\">\n\t\t\t\t\t\t\t\t\t<p class=\"elementor-heading-title elementor-size-default\"><span style=\"color: #009473;\"><strong>La D\u00e9marche aupr\u00e8s d&rsquo;EDF-OA<\/strong><\/span><\/p><h2 data-start=\"108\" data-end=\"163\">Revente de l\u2019\u00e9lectricit\u00e9 photovolta\u00efque avec EDF-OA<\/h2><p data-start=\"170\" data-end=\"493\">EDF Obligation d\u2019Achat (EDF-OA) rach\u00e8te l\u2019\u00e9lectricit\u00e9 produite \u00e0 partir du solaire photovolta\u00efque et constitue l\u2019interlocuteur pour la vente de votre production ou de votre surplus. Un contrat \u00e0 tarif r\u00e9glement\u00e9, garanti sur sa dur\u00e9e, permet de s\u00e9curiser des revenus stables et d\u2019am\u00e9liorer la rentabilit\u00e9 de l\u2019installation.<\/p><p data-start=\"495\" data-end=\"850\" data-is-last-node=\"\" data-is-only-node=\"\">La d\u00e9marche intervient apr\u00e8s la mise en service par ENEDIS. EDF-OA \u00e9tablit alors le contrat pr\u00e9cisant le tarif, la dur\u00e9e et les conditions d\u2019achat, sur pr\u00e9sentation notamment de l\u2019attestation CONSUEL et des relev\u00e9s de compteur. Une fois le contrat sign\u00e9, l\u2019\u00e9lectricit\u00e9 inject\u00e9e est r\u00e9mun\u00e9r\u00e9e r\u00e9guli\u00e8rement, tout en participant \u00e0 la transition \u00e9nerg\u00e9tique.<\/p>\t\t\t\t\t\t\t\t<\/div>\n\t\t\t\t<\/div>\n\t\t\t\t\t<\/div>\n\t\t\t\t<\/div>\n\t\t<div class=\"elementor-element elementor-element-946cb89 v-center-cols e-flex e-con-boxed e-con e-parent\" data-id=\"946cb89\" data-element_type=\"container\" data-settings=\"{&quot;background_background&quot;:&quot;classic&quot;}\">\n\t\t\t\t\t<div class=\"e-con-inner\">\n\t\t<div class=\"elementor-element elementor-element-0b252d3 e-con-full e-flex e-con e-child\" data-id=\"0b252d3\" data-element_type=\"container\">\n\t\t\t\t<div class=\"elementor-element elementor-element-c55cbeb elementor-widget elementor-widget-text-editor\" data-id=\"c55cbeb\" data-element_type=\"widget\" data-widget_type=\"text-editor.default\">\n\t\t\t\t\t\t\t\t\t<div class=\"elementor-element elementor-element-b8f14b3 elementor-widget elementor-widget-heading\" data-id=\"b8f14b3\" data-element_type=\"widget\" data-widget_type=\"heading.default\"><div class=\"elementor-widget-container\"><p class=\"elementor-heading-title elementor-size-default\"><strong><span style=\"color: #009473;\">Lr\u00eat \u00e0 transformer votre vision en r\u00e9alit\u00e9 ?<\/span><\/strong><\/p><\/div><\/div><div class=\"elementor-element elementor-element-d019969 elementor-widget elementor-widget-heading\" data-id=\"d019969\" data-element_type=\"widget\" data-widget_type=\"heading.default\"><div class=\"elementor-widget-container\"><h2 data-start=\"124\" data-end=\"209\">Donnez Vie \u00e0 Votre Projet avec <br \/>un Expert Certifi\u00e9<\/h2><p data-start=\"211\" data-end=\"487\">Discutez de votre projet avec un expert d\u00e9di\u00e9, b\u00e9n\u00e9ficiez d\u2019un accompagnement personnalis\u00e9 et recevez une analyse compl\u00e8te ainsi qu\u2019un devis clair et optimis\u00e9 sous 48h.<\/p><\/div><\/div>\t\t\t\t\t\t\t\t<\/div>\n\t\t\t\t<div class=\"elementor-element elementor-element-29462f3 bouton-bleu elementor-widget elementor-widget-button\" data-id=\"29462f3\" data-element_type=\"widget\" data-widget_type=\"button.default\">\n\t\t\t\t\t\t\t\t\t\t<a class=\"elementor-button elementor-button-link elementor-size-sm\" href=\"https:\/\/mafatec.com\/preprod\/contact\/\">\n\t\t\t\t\t\t<span class=\"elementor-button-content-wrapper\">\n\t\t\t\t\t\t\t\t\t<span class=\"elementor-button-text\">Contactez-nous d\u00e8s maintenant<\/span>\n\t\t\t\t\t<\/span>\n\t\t\t\t\t<\/a>\n\t\t\t\t\t\t\t\t<\/div>\n\t\t\t\t<\/div>\n\t\t<div class=\"elementor-element elementor-element-a67214d e-con-full e-flex e-con e-child\" data-id=\"a67214d\" data-element_type=\"container\">\n\t\t\t\t<div class=\"elementor-element elementor-element-ee012b1 elementor-widget elementor-widget-image\" data-id=\"ee012b1\" data-element_type=\"widget\" data-widget_type=\"image.default\">\n\t\t\t\t\t\t\t\t\t\t\t\t\t\t\t<img loading=\"lazy\" decoding=\"async\" width=\"300\" height=\"235\" src=\"https:\/\/mafatec.com\/preprod\/wp-content\/uploads\/2025\/12\/contact-mafatec-300x235.png\" class=\"attachment-medium size-medium wp-image-153\" alt=\"Contact MAFATEC\" srcset=\"https:\/\/mafatec.com\/preprod\/wp-content\/uploads\/2025\/12\/contact-mafatec-300x235.png 300w, https:\/\/mafatec.com\/preprod\/wp-content\/uploads\/2025\/12\/contact-mafatec-1024x803.png 1024w, https:\/\/mafatec.com\/preprod\/wp-content\/uploads\/2025\/12\/contact-mafatec-768x603.png 768w, https:\/\/mafatec.com\/preprod\/wp-content\/uploads\/2025\/12\/contact-mafatec-600x471.png 600w, https:\/\/mafatec.com\/preprod\/wp-content\/uploads\/2025\/12\/contact-mafatec.png 1188w\" sizes=\"(max-width: 300px) 100vw, 300px\" \/>\t\t\t\t\t\t\t\t\t\t\t\t\t\t\t<\/div>\n\t\t\t\t<\/div>\n\t\t\t\t\t<\/div>\n\t\t\t\t<\/div>\n\t\t\t\t<\/div>\n\t\t","protected":false},"excerpt":{"rendered":"<p>Le Photovolta\u00efque et ses B\u00e9n\u00e9fices L\u2019\u00e9nergie solaire photovolta\u00efque est une solution durable et rentable pour produire une \u00e9lectricit\u00e9 propre, que ce soit pour une r\u00e9sidence principale, secondaire ou un site isol\u00e9. Elle permet de r\u00e9duire l\u2019empreinte carbone, de r\u00e9aliser des \u00e9conomies sur les factures d\u2019\u00e9nergie et de valoriser le patrimoine immobilier. Toutefois, la r\u00e9ussite d\u2019un [&hellip;]<\/p>\n","protected":false},"author":1,"featured_media":0,"parent":0,"menu_order":0,"comment_status":"closed","ping_status":"closed","template":"","meta":{"footnotes":""},"class_list":["post-84","page","type-page","status-publish","hentry"],"jetpack_sharing_enabled":true,"_links":{"self":[{"href":"https:\/\/mafatec.com\/preprod\/wp-json\/wp\/v2\/pages\/84","targetHints":{"allow":["GET"]}}],"collection":[{"href":"https:\/\/mafatec.com\/preprod\/wp-json\/wp\/v2\/pages"}],"about":[{"href":"https:\/\/mafatec.com\/preprod\/wp-json\/wp\/v2\/types\/page"}],"author":[{"embeddable":true,"href":"https:\/\/mafatec.com\/preprod\/wp-json\/wp\/v2\/users\/1"}],"replies":[{"embeddable":true,"href":"https:\/\/mafatec.com\/preprod\/wp-json\/wp\/v2\/comments?post=84"}],"version-history":[{"count":70,"href":"https:\/\/mafatec.com\/preprod\/wp-json\/wp\/v2\/pages\/84\/revisions"}],"predecessor-version":[{"id":904,"href":"https:\/\/mafatec.com\/preprod\/wp-json\/wp\/v2\/pages\/84\/revisions\/904"}],"wp:attachment":[{"href":"https:\/\/mafatec.com\/preprod\/wp-json\/wp\/v2\/media?parent=84"}],"curies":[{"name":"wp","href":"https:\/\/api.w.org\/{rel}","templated":true}]}}