{"id":78,"date":"2025-12-22T09:41:16","date_gmt":"2025-12-22T08:41:16","guid":{"rendered":"https:\/\/mafatec.com\/preprod\/?page_id=78"},"modified":"2025-12-22T09:45:36","modified_gmt":"2025-12-22T08:45:36","slug":"mentions-legales","status":"publish","type":"page","link":"https:\/\/mafatec.com\/preprod\/mentions-legales\/","title":{"rendered":"Mentions L\u00e9gales"},"content":{"rendered":"\t\t<div data-elementor-type=\"wp-page\" data-elementor-id=\"78\" class=\"elementor elementor-78\">\n\t\t\t\t<div class=\"elementor-element elementor-element-142de29 e-flex e-con-boxed e-con e-parent\" data-id=\"142de29\" data-element_type=\"container\">\n\t\t\t\t\t<div class=\"e-con-inner\">\n\t\t\t\t<div class=\"elementor-element elementor-element-eb38611 elementor-widget elementor-widget-text-editor\" data-id=\"eb38611\" data-element_type=\"widget\" data-widget_type=\"text-editor.default\">\n\t\t\t\t\t\t\t\t\t<h2>1.\u00a0<strong>\u00c9diteur du site\u00a0<\/strong><\/h2><ul><li><strong>Nom de l\u2019entreprise<\/strong>\u00a0: MAFATEC<\/li><li><strong>Adresse postale<\/strong>\u00a0: 12 Rue Paul Langevin, 93270 SEVRAN, France<\/li><li><strong>Num\u00e9ro de t\u00e9l\u00e9phone<\/strong>\u00a0: 01 85 10 56 45<\/li><li><strong>Adresse email<\/strong>\u00a0:\u00a0<a rel=\"noopener\">contact@mafatec.com<\/a><\/li><\/ul><h2>2.\u00a0<strong>H\u00e9bergement<\/strong><\/h2><p>Le site est h\u00e9berg\u00e9 par :<\/p><ul><li><strong>Nom de l\u2019h\u00e9bergeur<\/strong>\u00a0: OVH<\/li><li><strong>Adresse<\/strong>\u00a0: 2 rue Kellermann, 59100 Roubaix, France<\/li><li><strong>T\u00e9l\u00e9phone<\/strong>\u00a0: 1007 (Service client OVH)<\/li><\/ul><h2>3.\u00a0<strong>Propri\u00e9t\u00e9 intellectuelle<\/strong><\/h2><p>Tous les contenus pr\u00e9sents sur le site (textes, images, vid\u00e9os, etc.) sont la propri\u00e9t\u00e9 exclusive de MAFATEC ou de leurs auteurs respectifs. Toute reproduction, distribution, modification ou utilisation sans autorisation est interdite.<\/p><h2>4.\u00a0<strong>Responsabilit\u00e9<\/strong><\/h2><p>MAFATEC ne pourra \u00eatre tenu responsable des dommages directs ou indirects r\u00e9sultant de l\u2019utilisation du site, notamment en cas d\u2019indisponibilit\u00e9 temporaire ou de dysfonctionnement technique.<\/p><h2>5.\u00a0<strong>Liens externes<\/strong><\/h2><p>Ce site peut contenir des liens vers des sites tiers. MAFATEC d\u00e9cline toute responsabilit\u00e9 quant au contenu ou \u00e0 la politique de confidentialit\u00e9 de ces sites.<\/p><h2>6.\u00a0<strong>Litiges<\/strong><\/h2><p>En cas de litige relatif \u00e0 l\u2019utilisation du site, la l\u00e9gislation fran\u00e7aise s\u2019appliquera et les tribunaux comp\u00e9tents seront ceux du ressort de Paris.<\/p>\t\t\t\t\t\t\t\t<\/div>\n\t\t\t\t\t<\/div>\n\t\t\t\t<\/div>\n\t\t\t\t<\/div>\n\t\t","protected":false},"excerpt":{"rendered":"<p>1.\u00a0\u00c9diteur du site\u00a0 Nom de l\u2019entreprise\u00a0: MAFATEC Adresse postale\u00a0: 12 Rue Paul Langevin, 93270 SEVRAN, France Num\u00e9ro de t\u00e9l\u00e9phone\u00a0: 01 85 10 56 45 Adresse email\u00a0:\u00a0contact@mafatec.com 2.\u00a0H\u00e9bergement Le site est h\u00e9berg\u00e9 par : Nom de l\u2019h\u00e9bergeur\u00a0: OVH Adresse\u00a0: 2 rue Kellermann, 59100 Roubaix, France T\u00e9l\u00e9phone\u00a0: 1007 (Service client OVH) 3.\u00a0Propri\u00e9t\u00e9 intellectuelle Tous les contenus pr\u00e9sents [&hellip;]<\/p>\n","protected":false},"author":1,"featured_media":0,"parent":0,"menu_order":0,"comment_status":"closed","ping_status":"closed","template":"","meta":{"footnotes":""},"class_list":["post-78","page","type-page","status-publish","hentry"],"jetpack_sharing_enabled":true,"_links":{"self":[{"href":"https:\/\/mafatec.com\/preprod\/wp-json\/wp\/v2\/pages\/78","targetHints":{"allow":["GET"]}}],"collection":[{"href":"https:\/\/mafatec.com\/preprod\/wp-json\/wp\/v2\/pages"}],"about":[{"href":"https:\/\/mafatec.com\/preprod\/wp-json\/wp\/v2\/types\/page"}],"author":[{"embeddable":true,"href":"https:\/\/mafatec.com\/preprod\/wp-json\/wp\/v2\/users\/1"}],"replies":[{"embeddable":true,"href":"https:\/\/mafatec.com\/preprod\/wp-json\/wp\/v2\/comments?post=78"}],"version-history":[{"count":5,"href":"https:\/\/mafatec.com\/preprod\/wp-json\/wp\/v2\/pages\/78\/revisions"}],"predecessor-version":[{"id":83,"href":"https:\/\/mafatec.com\/preprod\/wp-json\/wp\/v2\/pages\/78\/revisions\/83"}],"wp:attachment":[{"href":"https:\/\/mafatec.com\/preprod\/wp-json\/wp\/v2\/media?parent=78"}],"curies":[{"name":"wp","href":"https:\/\/api.w.org\/{rel}","templated":true}]}}