{"id":240,"date":"2025-12-22T17:51:34","date_gmt":"2025-12-22T16:51:34","guid":{"rendered":"https:\/\/mafatec.com\/preprod\/?page_id=240"},"modified":"2025-12-26T17:35:08","modified_gmt":"2025-12-26T16:35:08","slug":"contact","status":"publish","type":"page","link":"https:\/\/mafatec.com\/preprod\/contact\/","title":{"rendered":"Contactez-Nous"},"content":{"rendered":"\t\t<div data-elementor-type=\"wp-page\" data-elementor-id=\"240\" class=\"elementor elementor-240\">\n\t\t\t\t<div class=\"elementor-element elementor-element-020a511 e-flex e-con-boxed e-con e-parent\" data-id=\"020a511\" data-element_type=\"container\">\n\t\t\t\t\t<div class=\"e-con-inner\">\n\t\t<div class=\"elementor-element elementor-element-d38e1d7 e-con-full e-flex e-con e-child\" data-id=\"d38e1d7\" data-element_type=\"container\">\n\t\t\t\t<div class=\"elementor-element elementor-element-73e08a6 elementor-widget elementor-widget-text-editor\" data-id=\"73e08a6\" data-element_type=\"widget\" data-widget_type=\"text-editor.default\">\n\t\t\t\t\t\t\t\t\t<h2><strong>Passez \u00e0 l\u2019action !<\/strong><\/h2><h3><strong>Votre projet m\u00e9rite une r\u00e9ponse experte !<\/strong><\/h3><p><strong>Vous avez une id\u00e9e, un besoin ou un projet \u00e0 concr\u00e9tiser ? <br \/><\/strong>Ne le laissez pas en attente. Chaque jour perdu est une opportunit\u00e9 manqu\u00e9e.<\/p><p>Chez <strong>MAFATEC <\/strong>vous \u00e9changez directement avec un expert certifi\u00e9, nous ne nous contentons pas de r\u00e9pondre : <strong>nous analysons, structurons et s\u00e9curisons votre projet d\u00e8s le premier \u00e9change<\/strong>.\u00a0<\/p>\t\t\t\t\t\t\t\t<\/div>\n\t\t\t\t<\/div>\n\t\t<div class=\"elementor-element elementor-element-a030bce e-con-full e-flex e-con e-child\" data-id=\"a030bce\" data-element_type=\"container\">\n\t\t\t\t<div class=\"elementor-element elementor-element-b6914cd divider-left elementor-widget elementor-widget-text-editor\" data-id=\"b6914cd\" data-element_type=\"widget\" data-widget_type=\"text-editor.default\">\n\t\t\t\t\t\t\t\t\t<h3><strong>Nous nous occupons du reste !<\/strong><\/h3><p>D\u00e8s votre prise de contact, vous b\u00e9n\u00e9ficiez :<\/p><ul><li>d\u2019un <strong>\u00e9change clair et professionnel<\/strong>, sans discours inutile<\/li><li>d\u2019un <strong>accompagnement personnalis\u00e9<\/strong>, adapt\u00e9 \u00e0 vos enjeux r\u00e9els<\/li><li>d\u2019une <strong>analyse technique compl\u00e8te<\/strong> de votre projet<\/li><li>d\u2019un <strong>devis pr\u00e9cis, optimis\u00e9 et transparent<\/strong><\/li><\/ul>\t\t\t\t\t\t\t\t<\/div>\n\t\t\t\t<\/div>\n\t\t<div class=\"elementor-element elementor-element-ed3377e e-con-full e-flex e-con e-child\" data-id=\"ed3377e\" data-element_type=\"container\">\n\t\t\t\t<div class=\"elementor-element elementor-element-b16d079 divider-left elementor-widget elementor-widget-text-editor\" data-id=\"b16d079\" data-element_type=\"widget\" data-widget_type=\"text-editor.default\">\n\t\t\t\t\t\t\t\t\t<p><img fetchpriority=\"high\" decoding=\"async\" class=\"alignnone size-medium wp-image-153\" src=\"https:\/\/mafatec.com\/preprod\/wp-content\/uploads\/2025\/12\/contact-mafatec-300x235.png\" alt=\"Contact MAFATEC\" width=\"300\" height=\"235\" srcset=\"https:\/\/mafatec.com\/preprod\/wp-content\/uploads\/2025\/12\/contact-mafatec-300x235.png 300w, https:\/\/mafatec.com\/preprod\/wp-content\/uploads\/2025\/12\/contact-mafatec-1024x803.png 1024w, https:\/\/mafatec.com\/preprod\/wp-content\/uploads\/2025\/12\/contact-mafatec-768x603.png 768w, https:\/\/mafatec.com\/preprod\/wp-content\/uploads\/2025\/12\/contact-mafatec-600x471.png 600w, https:\/\/mafatec.com\/preprod\/wp-content\/uploads\/2025\/12\/contact-mafatec.png 1188w\" sizes=\"(max-width: 300px) 100vw, 300px\" \/><\/p><p style=\"text-align: center;\"><span style=\"color: #434394;\"><strong>contact@mafatec.com<\/strong><\/span><\/p><p style=\"text-align: center;\"><span style=\"color: #434394;\"><strong>01.78.78.21.90 &#8211; <span style=\"color: #434394;\">01 85 10 56 45<\/span><\/strong><\/span><\/p><p style=\"text-align: center;\"><span style=\"color: #434394;\"><strong>12 Rue Paul Langevin, <\/strong><\/span><span style=\"color: #434394;\"><strong>93270 SEVRAN<\/strong><\/span><\/p>\t\t\t\t\t\t\t\t<\/div>\n\t\t\t\t<\/div>\n\t\t\t\t\t<\/div>\n\t\t\t\t<\/div>\n\t\t<div class=\"elementor-element elementor-element-1e58d96 v-center-cols e-flex e-con-boxed e-con e-parent\" data-id=\"1e58d96\" data-element_type=\"container\" data-settings=\"{&quot;background_background&quot;:&quot;classic&quot;}\">\n\t\t\t\t\t<div class=\"e-con-inner\">\n\t\t<div class=\"elementor-element elementor-element-605dd49 e-con-full e-flex e-con e-child\" data-id=\"605dd49\" data-element_type=\"container\">\n\t\t\t\t<div class=\"elementor-element elementor-element-adbb571 elementor-widget elementor-widget-image\" data-id=\"adbb571\" data-element_type=\"widget\" data-widget_type=\"image.default\">\n\t\t\t\t\t\t\t\t\t\t\t\t\t\t\t<img decoding=\"async\" width=\"1024\" height=\"1536\" src=\"https:\/\/mafatec.com\/preprod\/wp-content\/uploads\/2025\/12\/contactez-nous.png\" class=\"attachment-full size-full wp-image-243\" alt=\"contactez MAFATEC\" srcset=\"https:\/\/mafatec.com\/preprod\/wp-content\/uploads\/2025\/12\/contactez-nous.png 1024w, https:\/\/mafatec.com\/preprod\/wp-content\/uploads\/2025\/12\/contactez-nous-200x300.png 200w, https:\/\/mafatec.com\/preprod\/wp-content\/uploads\/2025\/12\/contactez-nous-683x1024.png 683w, https:\/\/mafatec.com\/preprod\/wp-content\/uploads\/2025\/12\/contactez-nous-768x1152.png 768w, https:\/\/mafatec.com\/preprod\/wp-content\/uploads\/2025\/12\/contactez-nous-600x900.png 600w\" sizes=\"(max-width: 1024px) 100vw, 1024px\" \/>\t\t\t\t\t\t\t\t\t\t\t\t\t\t\t<\/div>\n\t\t\t\t<\/div>\n\t\t<div class=\"elementor-element elementor-element-eee9112 e-con-full e-flex e-con e-child\" data-id=\"eee9112\" data-element_type=\"container\">\n\t\t\t\t<div class=\"elementor-element elementor-element-1c4dabb elementor-widget elementor-widget-text-editor\" data-id=\"1c4dabb\" data-element_type=\"widget\" data-widget_type=\"text-editor.default\">\n\t\t\t\t\t\t\t\t\t<h2>Pr\u00eat \u00e0 donner vie \u00e0 votre projet ?<\/h2><h3 style=\"margin-top: 0 !important; margin-bottom: 0 !important;\">\u00c9crivez-nous maintenant !<\/h3>\t\t\t\t\t\t\t\t<\/div>\n\t\t\t\t<div class=\"elementor-element elementor-element-a680551 elementor-widget elementor-widget-shortcode\" data-id=\"a680551\" data-element_type=\"widget\" data-widget_type=\"shortcode.default\">\n\t\t\t\t\t\t\t<div class=\"elementor-shortcode\">\n<div class=\"wpcf7 no-js\" id=\"wpcf7-f242-o1\" lang=\"fr-FR\" dir=\"ltr\" data-wpcf7-id=\"242\">\n<div class=\"screen-reader-response\"><p role=\"status\" aria-live=\"polite\" aria-atomic=\"true\"><\/p> <ul><\/ul><\/div>\n<form action=\"\/preprod\/wp-json\/wp\/v2\/pages\/240#wpcf7-f242-o1\" method=\"post\" class=\"wpcf7-form init\" aria-label=\"Formulaire de contact\" novalidate=\"novalidate\" data-status=\"init\">\n<fieldset class=\"hidden-fields-container\"><input type=\"hidden\" name=\"_wpcf7\" value=\"242\" \/><input type=\"hidden\" name=\"_wpcf7_version\" value=\"6.1.4\" \/><input type=\"hidden\" name=\"_wpcf7_locale\" value=\"fr_FR\" \/><input type=\"hidden\" name=\"_wpcf7_unit_tag\" value=\"wpcf7-f242-o1\" \/><input type=\"hidden\" name=\"_wpcf7_container_post\" value=\"0\" \/><input type=\"hidden\" name=\"_wpcf7_posted_data_hash\" value=\"\" \/>\n<\/fieldset>\n<div class=\"identite\">\n\t<p><label> Nom<span> *<\/span><\/label><span class=\"wpcf7-form-control-wrap\" data-name=\"your-name\"><input size=\"40\" maxlength=\"400\" class=\"wpcf7-form-control wpcf7-text wpcf7-validates-as-required\" autocomplete=\"nom\" aria-required=\"true\" aria-invalid=\"false\" value=\"\" type=\"text\" name=\"your-name\" \/><\/span>\n\t<\/p>\n\t<p><label> Pr\u00e9nom<span> *<\/span><\/label><span class=\"wpcf7-form-control-wrap\" data-name=\"prenom\"><input size=\"40\" maxlength=\"400\" class=\"wpcf7-form-control wpcf7-text wpcf7-validates-as-required\" aria-required=\"true\" aria-invalid=\"false\" value=\"\" type=\"text\" name=\"prenom\" \/><\/span>\n\t<\/p>\n<\/div>\n<div class=\"info\">\n\t<p><label> T\u00e9l\u00e9phone<span> *<\/span><\/label><span class=\"wpcf7-form-control-wrap\" data-name=\"tel\"><input size=\"40\" maxlength=\"400\" class=\"wpcf7-form-control wpcf7-tel wpcf7-validates-as-required wpcf7-text wpcf7-validates-as-tel\" aria-required=\"true\" aria-invalid=\"false\" value=\"\" type=\"tel\" name=\"tel\" \/><\/span>\n\t<\/p>\n\t<p><label> E-mail<span> *<\/span><\/label><span class=\"wpcf7-form-control-wrap\" data-name=\"your-email\"><input size=\"40\" maxlength=\"400\" class=\"wpcf7-form-control wpcf7-email wpcf7-validates-as-required wpcf7-text wpcf7-validates-as-email\" autocomplete=\"email\" aria-required=\"true\" aria-invalid=\"false\" value=\"\" type=\"email\" name=\"your-email\" \/><\/span>\n\t<\/p>\n<\/div>\n<div class=\"objetcontact\">\n\t<p><label> Adresse postale<span> *<\/span><\/label><span class=\"wpcf7-form-control-wrap\" data-name=\"adresse\"><input size=\"40\" maxlength=\"400\" class=\"wpcf7-form-control wpcf7-text wpcf7-validates-as-required\" aria-required=\"true\" aria-invalid=\"false\" value=\"\" type=\"text\" name=\"adresse\" \/><\/span>\n\t<\/p>\n\t<p><label> Sujet<span> *<\/span><\/label><span class=\"wpcf7-form-control-wrap\" data-name=\"your-subject\"><select class=\"wpcf7-form-control wpcf7-select wpcf7-validates-as-required\" aria-required=\"true\" aria-invalid=\"false\" name=\"your-subject\"><option value=\"Demande d&#039;informations\">Demande d&#039;informations<\/option><option value=\"Demande de Devis\">Demande de Devis<\/option><option value=\"Demande de Financement\">Demande de Financement<\/option><\/select><\/span>\n\t<\/p>\n\t<p><label> Votre message<span> *<\/span><\/label><span class=\"wpcf7-form-control-wrap\" data-name=\"your-message\"><textarea cols=\"40\" rows=\"10\" maxlength=\"2000\" class=\"wpcf7-form-control wpcf7-textarea wpcf7-validates-as-required\" aria-required=\"true\" aria-invalid=\"false\" name=\"your-message\"><\/textarea><\/span>\n\t<\/p>\n<\/div>\n<p><input class=\"wpcf7-form-control wpcf7-submit has-spinner from-button\" type=\"submit\" value=\"Envoyer\" \/>\n<\/p><div class=\"wpcf7-response-output\" aria-hidden=\"true\"><\/div>\n<\/form>\n<\/div>\n<\/div>\n\t\t\t\t\t\t<\/div>\n\t\t\t\t<\/div>\n\t\t\t\t\t<\/div>\n\t\t\t\t<\/div>\n\t\t\t\t<\/div>\n\t\t","protected":false},"excerpt":{"rendered":"<p>Passez \u00e0 l\u2019action ! Votre projet m\u00e9rite une r\u00e9ponse experte ! Vous avez une id\u00e9e, un besoin ou un projet \u00e0 concr\u00e9tiser ? Ne le laissez pas en attente. Chaque jour perdu est une opportunit\u00e9 manqu\u00e9e. Chez MAFATEC vous \u00e9changez directement avec un expert certifi\u00e9, nous ne nous contentons pas de r\u00e9pondre : nous analysons, [&hellip;]<\/p>\n","protected":false},"author":1,"featured_media":0,"parent":0,"menu_order":0,"comment_status":"closed","ping_status":"closed","template":"","meta":{"footnotes":""},"class_list":["post-240","page","type-page","status-publish","hentry"],"jetpack_sharing_enabled":true,"_links":{"self":[{"href":"https:\/\/mafatec.com\/preprod\/wp-json\/wp\/v2\/pages\/240","targetHints":{"allow":["GET"]}}],"collection":[{"href":"https:\/\/mafatec.com\/preprod\/wp-json\/wp\/v2\/pages"}],"about":[{"href":"https:\/\/mafatec.com\/preprod\/wp-json\/wp\/v2\/types\/page"}],"author":[{"embeddable":true,"href":"https:\/\/mafatec.com\/preprod\/wp-json\/wp\/v2\/users\/1"}],"replies":[{"embeddable":true,"href":"https:\/\/mafatec.com\/preprod\/wp-json\/wp\/v2\/comments?post=240"}],"version-history":[{"count":91,"href":"https:\/\/mafatec.com\/preprod\/wp-json\/wp\/v2\/pages\/240\/revisions"}],"predecessor-version":[{"id":938,"href":"https:\/\/mafatec.com\/preprod\/wp-json\/wp\/v2\/pages\/240\/revisions\/938"}],"wp:attachment":[{"href":"https:\/\/mafatec.com\/preprod\/wp-json\/wp\/v2\/media?parent=240"}],"curies":[{"name":"wp","href":"https:\/\/api.w.org\/{rel}","templated":true}]}}