{"id":162,"date":"2025-12-22T12:59:21","date_gmt":"2025-12-22T11:59:21","guid":{"rendered":"https:\/\/mafatec.com\/preprod\/?page_id=162"},"modified":"2025-12-26T16:15:38","modified_gmt":"2025-12-26T15:15:38","slug":"certifications-et-partenariats","status":"publish","type":"page","link":"https:\/\/mafatec.com\/preprod\/certifications-et-partenariats\/","title":{"rendered":"Certifications et Partenariats Gages de Confiance et d\u2019Excellence\u200b"},"content":{"rendered":"\t\t<div data-elementor-type=\"wp-page\" data-elementor-id=\"162\" class=\"elementor elementor-162\">\n\t\t\t\t<div class=\"elementor-element elementor-element-37d01a4 e-flex e-con-boxed e-con e-parent\" data-id=\"37d01a4\" data-element_type=\"container\">\n\t\t\t\t\t<div class=\"e-con-inner\">\n\t\t\t\t<div class=\"elementor-element elementor-element-b19af0d elementor-widget elementor-widget-text-editor\" data-id=\"b19af0d\" data-element_type=\"widget\" data-widget_type=\"text-editor.default\">\n\t\t\t\t\t\t\t\t\t<p class=\"elementor-heading-title elementor-size-default\"><span style=\"color: #009473;\"><strong>La Base de Notre Engagement Qualit\u00e9\u200b<\/strong><\/span><\/p><h2 class=\"elementor-heading-title elementor-size-default\">Nos Certifications Une Preuve d\u2019Excellence Technique et de Fiabilit\u00e9\u200b<\/h2><div class=\"elementor-element elementor-element-bdbfa18 elementor-widget elementor-widget-heading\" data-id=\"bdbfa18\" data-element_type=\"widget\" data-widget_type=\"heading.default\"><p class=\"elementor-widget-container\"><strong>Des Gages de Confiance pour des Prestations Conformes aux Normes les Plus \u00c9lev\u00e9es\u200b<\/strong><\/p><p class=\"elementor-widget-container\">Les certifications que MAFATEC a obtenues sont bien plus que des labels : elles sont la preuve tangible de notre engagement \u00e0 respecter les normes les plus strictes en mati\u00e8re de qualit\u00e9, de s\u00e9curit\u00e9, et de performance. Ces certifications vous garantissent non seulement un haut niveau de savoir-faire technique, mais aussi l\u2019assurance que chaque projet sera conduit avec le plus grand soin et dans le respect des standards les plus rigoureux.<\/p><\/div>\t\t\t\t\t\t\t\t<\/div>\n\t\t\t\t<div class=\"elementor-element elementor-element-4f479d5 elementor-widget elementor-widget-image\" data-id=\"4f479d5\" data-element_type=\"widget\" data-widget_type=\"image.default\">\n\t\t\t\t\t\t\t\t\t\t\t\t\t\t\t<img fetchpriority=\"high\" decoding=\"async\" width=\"1024\" height=\"683\" src=\"https:\/\/mafatec.com\/preprod\/wp-content\/uploads\/2025\/12\/certifications-mafatec-1024x683.png\" class=\"attachment-large size-large wp-image-165\" alt=\"Nos Certifications\" srcset=\"https:\/\/mafatec.com\/preprod\/wp-content\/uploads\/2025\/12\/certifications-mafatec-1024x683.png 1024w, https:\/\/mafatec.com\/preprod\/wp-content\/uploads\/2025\/12\/certifications-mafatec-300x200.png 300w, https:\/\/mafatec.com\/preprod\/wp-content\/uploads\/2025\/12\/certifications-mafatec-768x512.png 768w, https:\/\/mafatec.com\/preprod\/wp-content\/uploads\/2025\/12\/certifications-mafatec-600x400.png 600w, https:\/\/mafatec.com\/preprod\/wp-content\/uploads\/2025\/12\/certifications-mafatec.png 1536w\" sizes=\"(max-width: 1024px) 100vw, 1024px\" \/>\t\t\t\t\t\t\t\t\t\t\t\t\t\t\t<\/div>\n\t\t\t\t\t<\/div>\n\t\t\t\t<\/div>\n\t\t<div class=\"elementor-element elementor-element-745682d e-flex e-con-boxed e-con e-parent\" data-id=\"745682d\" data-element_type=\"container\" id=\"certificats\" data-settings=\"{&quot;background_background&quot;:&quot;classic&quot;}\">\n\t\t\t\t\t<div class=\"e-con-inner\">\n\t\t<div class=\"elementor-element elementor-element-339e2f1 e-con-full e-flex e-con e-child\" data-id=\"339e2f1\" data-element_type=\"container\">\n\t\t\t\t<div class=\"elementor-element elementor-element-e64b61a elementor-widget elementor-widget-image\" data-id=\"e64b61a\" data-element_type=\"widget\" data-widget_type=\"image.default\">\n\t\t\t\t\t\t\t\t\t\t\t\t\t\t\t<img decoding=\"async\" width=\"150\" height=\"150\" src=\"https:\/\/mafatec.com\/preprod\/wp-content\/uploads\/2025\/12\/comprendre-rge-v-150x150.png\" class=\"attachment-thumbnail size-thumbnail wp-image-169\" alt=\"RGE\" srcset=\"https:\/\/mafatec.com\/preprod\/wp-content\/uploads\/2025\/12\/comprendre-rge-v-150x150.png 150w, https:\/\/mafatec.com\/preprod\/wp-content\/uploads\/2025\/12\/comprendre-rge-v-300x300.png 300w, https:\/\/mafatec.com\/preprod\/wp-content\/uploads\/2025\/12\/comprendre-rge-v-100x100.png 100w\" sizes=\"(max-width: 150px) 100vw, 150px\" \/>\t\t\t\t\t\t\t\t\t\t\t\t\t\t\t<\/div>\n\t\t\t\t<div class=\"elementor-element elementor-element-6786a19 elementor-widget elementor-widget-text-editor\" data-id=\"6786a19\" data-element_type=\"widget\" data-widget_type=\"text-editor.default\">\n\t\t\t\t\t\t\t\t\t<h3 class=\"elementor-heading-title elementor-size-default\">Certification RGE : excellence responsable<\/h3><p><br \/>La certification RGE atteste de l\u2019expertise de MAFATEC, garantit des travaux \u00e9coresponsables et permet l\u2019<strong>acc\u00e8s aux aides financi\u00e8res de l\u2019\u00c9tat<\/strong>.<\/p>\t\t\t\t\t\t\t\t<\/div>\n\t\t\t\t<\/div>\n\t\t<div class=\"elementor-element elementor-element-1b9f1ab e-con-full e-flex e-con e-child\" data-id=\"1b9f1ab\" data-element_type=\"container\">\n\t\t\t\t<div class=\"elementor-element elementor-element-e726008 elementor-widget elementor-widget-image\" data-id=\"e726008\" data-element_type=\"widget\" data-widget_type=\"image.default\">\n\t\t\t\t\t\t\t\t\t\t\t\t\t\t\t<img decoding=\"async\" width=\"150\" height=\"150\" src=\"https:\/\/mafatec.com\/preprod\/wp-content\/uploads\/2025\/12\/logo-qualifelec-150x150.png\" class=\"attachment-thumbnail size-thumbnail wp-image-170\" alt=\"qualifelec\" srcset=\"https:\/\/mafatec.com\/preprod\/wp-content\/uploads\/2025\/12\/logo-qualifelec-150x150.png 150w, https:\/\/mafatec.com\/preprod\/wp-content\/uploads\/2025\/12\/logo-qualifelec-300x300.png 300w, https:\/\/mafatec.com\/preprod\/wp-content\/uploads\/2025\/12\/logo-qualifelec-100x100.png 100w\" sizes=\"(max-width: 150px) 100vw, 150px\" \/>\t\t\t\t\t\t\t\t\t\t\t\t\t\t\t<\/div>\n\t\t\t\t<div class=\"elementor-element elementor-element-541873f elementor-widget elementor-widget-text-editor\" data-id=\"541873f\" data-element_type=\"widget\" data-widget_type=\"text-editor.default\">\n\t\t\t\t\t\t\t\t\t<h3 class=\"elementor-heading-title elementor-size-default\">Qualifelec : expertise \u00e9lectrique certifi\u00e9e<\/h3><p><br \/>La certification Qualifelec garantit l\u2019expertise technique de MAFATEC et des <strong>installations \u00e9lectriques fiables, s\u00e9curis\u00e9es<\/strong> et conformes aux normes les plus exigeantes.<\/p>\t\t\t\t\t\t\t\t<\/div>\n\t\t\t\t<\/div>\n\t\t<div class=\"elementor-element elementor-element-902dbf7 e-con-full e-flex e-con e-child\" data-id=\"902dbf7\" data-element_type=\"container\">\n\t\t\t\t<div class=\"elementor-element elementor-element-ed8a9a6 elementor-widget elementor-widget-image\" data-id=\"ed8a9a6\" data-element_type=\"widget\" data-widget_type=\"image.default\">\n\t\t\t\t\t\t\t\t\t\t\t\t\t\t\t<img loading=\"lazy\" decoding=\"async\" width=\"150\" height=\"150\" src=\"https:\/\/mafatec.com\/preprod\/wp-content\/uploads\/2025\/12\/label-IRVE-150x150.png\" class=\"attachment-thumbnail size-thumbnail wp-image-174\" alt=\"MAFATEC - IRVE\" srcset=\"https:\/\/mafatec.com\/preprod\/wp-content\/uploads\/2025\/12\/label-IRVE-150x150.png 150w, https:\/\/mafatec.com\/preprod\/wp-content\/uploads\/2025\/12\/label-IRVE-100x100.png 100w, https:\/\/mafatec.com\/preprod\/wp-content\/uploads\/2025\/12\/label-IRVE.png 300w\" sizes=\"(max-width: 150px) 100vw, 150px\" \/>\t\t\t\t\t\t\t\t\t\t\t\t\t\t\t<\/div>\n\t\t\t\t<div class=\"elementor-element elementor-element-656d3d0 elementor-widget elementor-widget-text-editor\" data-id=\"656d3d0\" data-element_type=\"widget\" data-widget_type=\"text-editor.default\">\n\t\t\t\t\t\t\t\t\t<h3 class=\"elementor-heading-title elementor-size-default\">IRVE : mobilit\u00e9 \u00e9lectrique certifi\u00e9e<\/h3><p><br \/>La certification IRVE permet \u00e0 MAFATEC d<strong>\u2019installer, s\u00e9curiser et maintenir des bornes conformes, <\/strong>performantes et durables pour la mobilit\u00e9 \u00e9lectrique.<\/p>\t\t\t\t\t\t\t\t<\/div>\n\t\t\t\t<\/div>\n\t\t<div class=\"elementor-element elementor-element-f42450f e-con-full e-flex e-con e-child\" data-id=\"f42450f\" data-element_type=\"container\">\n\t\t\t\t<div class=\"elementor-element elementor-element-e21ef9b elementor-widget elementor-widget-image\" data-id=\"e21ef9b\" data-element_type=\"widget\" data-widget_type=\"image.default\">\n\t\t\t\t\t\t\t\t\t\t\t\t\t\t\t<img loading=\"lazy\" decoding=\"async\" width=\"265\" height=\"150\" src=\"https:\/\/mafatec.com\/preprod\/wp-content\/uploads\/2025\/12\/logo-QualitEnR-mafatec.png\" class=\"attachment-full size-full wp-image-200\" alt=\"QualitEnR\" \/>\t\t\t\t\t\t\t\t\t\t\t\t\t\t\t<\/div>\n\t\t\t\t<div class=\"elementor-element elementor-element-c28611a elementor-widget elementor-widget-text-editor\" data-id=\"c28611a\" data-element_type=\"widget\" data-widget_type=\"text-editor.default\">\n\t\t\t\t\t\t\t\t\t<h3 class=\"elementor-heading-title elementor-size-default\">Qualit\u2019EnR : excellence renouvelable<\/h3><p><br \/>La certification Qualit\u2019EnR garantit l\u2019expertise de MAFATEC et des <strong>installations solaires durables<\/strong>, performantes et conformes aux normes.<\/p>\t\t\t\t\t\t\t\t<\/div>\n\t\t\t\t<\/div>\n\t\t\t\t\t<\/div>\n\t\t\t\t<\/div>\n\t\t<div class=\"elementor-element elementor-element-9c1b6ec e-flex e-con-boxed e-con e-parent\" data-id=\"9c1b6ec\" data-element_type=\"container\">\n\t\t\t\t\t<div class=\"e-con-inner\">\n\t\t\t\t<div class=\"elementor-element elementor-element-9de32c8 elementor-widget elementor-widget-image\" data-id=\"9de32c8\" data-element_type=\"widget\" data-widget_type=\"image.default\">\n\t\t\t\t\t\t\t\t\t\t\t\t\t\t\t<img loading=\"lazy\" decoding=\"async\" width=\"1024\" height=\"683\" src=\"https:\/\/mafatec.com\/preprod\/wp-content\/uploads\/2025\/12\/knx-fibaro-jeedom-1024x683.png\" class=\"attachment-large size-large wp-image-210\" alt=\"Collaborations Strat\u00e9giques\" srcset=\"https:\/\/mafatec.com\/preprod\/wp-content\/uploads\/2025\/12\/knx-fibaro-jeedom-1024x683.png 1024w, https:\/\/mafatec.com\/preprod\/wp-content\/uploads\/2025\/12\/knx-fibaro-jeedom-300x200.png 300w, https:\/\/mafatec.com\/preprod\/wp-content\/uploads\/2025\/12\/knx-fibaro-jeedom-768x512.png 768w, https:\/\/mafatec.com\/preprod\/wp-content\/uploads\/2025\/12\/knx-fibaro-jeedom-600x400.png 600w, https:\/\/mafatec.com\/preprod\/wp-content\/uploads\/2025\/12\/knx-fibaro-jeedom.png 1536w\" sizes=\"(max-width: 1024px) 100vw, 1024px\" \/>\t\t\t\t\t\t\t\t\t\t\t\t\t\t\t<\/div>\n\t\t\t\t<div class=\"elementor-element elementor-element-40064a5 elementor-widget elementor-widget-text-editor\" data-id=\"40064a5\" data-element_type=\"widget\" data-widget_type=\"text-editor.default\">\n\t\t\t\t\t\t\t\t\t<p class=\"elementor-heading-title elementor-size-default\"><span style=\"color: #009473;\"><strong>L\u2019Alliance de l\u2019Innovation et de la Technologie<\/strong><\/span><\/p><h2 class=\"elementor-heading-title elementor-size-default\">Nos Partenariats<br \/>Un Gage de Fiabilit\u00e9 et d\u2019Innovation<\/h2><p class=\"elementor-heading-title elementor-size-default\">\u200b<strong style=\"font-size: 16px;\">Collaborations Strat\u00e9giques pour des Solutions Technologiques de Pointe\u200b<\/strong><\/p><div class=\"elementor-element elementor-element-bdbfa18 elementor-widget elementor-widget-heading\" data-id=\"bdbfa18\" data-element_type=\"widget\" data-widget_type=\"heading.default\"><div class=\"elementor-element elementor-element-46a11e2 elementor-widget elementor-widget-text-editor\" data-id=\"46a11e2\" data-element_type=\"widget\" data-widget_type=\"text-editor.default\">\u00a0<\/div><p class=\"elementor-widget-container\">Chez MAFATEC, nous croyons fermement que l\u2019innovation na\u00eet de la collaboration. C\u2019est pourquoi nous avons nou\u00e9 des partenariats strat\u00e9giques avec des leaders technologiques dans le domaine de la domotique et des syst\u00e8mes intelligents. Gr\u00e2ce \u00e0 nos partenariats avec KNX, Fibaro, et Jeedom, nous sommes en mesure de vous proposer des syst\u00e8mes domotiques avanc\u00e9s, offrant un contr\u00f4le total sur votre environnement \u00e9nerg\u00e9tique.<\/p><\/div>\t\t\t\t\t\t\t\t<\/div>\n\t\t\t\t\t<\/div>\n\t\t\t\t<\/div>\n\t\t<div class=\"elementor-element elementor-element-bbdedb3 e-flex e-con-boxed e-con e-parent\" data-id=\"bbdedb3\" data-element_type=\"container\" id=\"partenaires-domotique\" data-settings=\"{&quot;background_background&quot;:&quot;classic&quot;}\">\n\t\t\t\t\t<div class=\"e-con-inner\">\n\t\t<div class=\"elementor-element elementor-element-dbfacf6 e-con-full e-flex e-con e-child\" data-id=\"dbfacf6\" data-element_type=\"container\">\n\t\t\t\t<div class=\"elementor-element elementor-element-605f6a0 elementor-widget elementor-widget-image\" data-id=\"605f6a0\" data-element_type=\"widget\" data-widget_type=\"image.default\">\n\t\t\t\t\t\t\t\t\t\t\t\t\t\t\t\t<a href=\"https:\/\/www.knx.fr\/KNX-France-accueil.html\">\n\t\t\t\t\t\t\t<img loading=\"lazy\" decoding=\"async\" width=\"265\" height=\"150\" src=\"https:\/\/mafatec.com\/preprod\/wp-content\/uploads\/2025\/12\/KNX-partenaire-mafatec.png\" class=\"attachment-full size-full wp-image-218\" alt=\"KNX partenaire mafatec\" \/>\t\t\t\t\t\t\t\t<\/a>\n\t\t\t\t\t\t\t\t\t\t\t\t\t\t\t<\/div>\n\t\t\t\t<div class=\"elementor-element elementor-element-ccb182e elementor-widget elementor-widget-text-editor\" data-id=\"ccb182e\" data-element_type=\"widget\" data-widget_type=\"text-editor.default\">\n\t\t\t\t\t\t\t\t\t<h3 class=\"elementor-heading-title elementor-size-default\">KNX, le standard domotique mondial<\/h3><p><br \/>KNX par MAFATEC garantit <strong>une domotique interop\u00e9rable, fiable et \u00e9volutive<\/strong>, optimisant confort, s\u00e9curit\u00e9 et performance \u00e9nerg\u00e9tique durablement.<\/p>\t\t\t\t\t\t\t\t<\/div>\n\t\t\t\t<\/div>\n\t\t<div class=\"elementor-element elementor-element-9a57d06 e-con-full e-flex e-con e-child\" data-id=\"9a57d06\" data-element_type=\"container\">\n\t\t\t\t<div class=\"elementor-element elementor-element-2644e2e elementor-widget elementor-widget-image\" data-id=\"2644e2e\" data-element_type=\"widget\" data-widget_type=\"image.default\">\n\t\t\t\t\t\t\t\t\t\t\t\t\t\t\t\t<a href=\"https:\/\/www.fibaro.com\/fr\/\">\n\t\t\t\t\t\t\t<img loading=\"lazy\" decoding=\"async\" width=\"265\" height=\"150\" src=\"https:\/\/mafatec.com\/preprod\/wp-content\/uploads\/2025\/12\/fibaro-partenaire-mafatec.png\" class=\"attachment-full size-full wp-image-219\" alt=\"\" \/>\t\t\t\t\t\t\t\t<\/a>\n\t\t\t\t\t\t\t\t\t\t\t\t\t\t\t<\/div>\n\t\t\t\t<div class=\"elementor-element elementor-element-ae29262 elementor-widget elementor-widget-text-editor\" data-id=\"ae29262\" data-element_type=\"widget\" data-widget_type=\"text-editor.default\">\n\t\t\t\t\t\t\t\t\t<h3 class=\"elementor-heading-title elementor-size-default\">Fibaro : domotique haut de gamme<\/h3><p><br \/>Fibaro par MAFATEC transforme votre maison en <strong>espace intelligent, automatis\u00e9 et s\u00e9curis\u00e9<\/strong>, pilotable simplement depuis smartphone ou tablette.<\/p>\t\t\t\t\t\t\t\t<\/div>\n\t\t\t\t<\/div>\n\t\t<div class=\"elementor-element elementor-element-468ec39 e-con-full e-flex e-con e-child\" data-id=\"468ec39\" data-element_type=\"container\">\n\t\t\t\t<div class=\"elementor-element elementor-element-a1503e9 elementor-widget elementor-widget-image\" data-id=\"a1503e9\" data-element_type=\"widget\" data-widget_type=\"image.default\">\n\t\t\t\t\t\t\t\t\t\t\t\t\t\t\t<img loading=\"lazy\" decoding=\"async\" width=\"265\" height=\"150\" src=\"https:\/\/mafatec.com\/preprod\/wp-content\/uploads\/2025\/12\/Jeedom-partenaire-mafatec.png\" class=\"attachment-full size-full wp-image-220\" alt=\"\" \/>\t\t\t\t\t\t\t\t\t\t\t\t\t\t\t<\/div>\n\t\t\t\t<div class=\"elementor-element elementor-element-5beed77 elementor-widget elementor-widget-text-editor\" data-id=\"5beed77\" data-element_type=\"widget\" data-widget_type=\"text-editor.default\">\n\t\t\t\t\t\t\t\t\t<h3 class=\"elementor-heading-title elementor-size-default\">Jeedom : intelligence domestique sur-mesure<\/h3><p><br \/>Jeedom par MAFATEC offre une<strong> domotique open-source, centralis\u00e9e et personnalisable<\/strong> pour piloter \u00e9clairage, s\u00e9curit\u00e9 et \u00e9nergie efficacement au quotidien durablement. \u00e9lectrique.<\/p>\t\t\t\t\t\t\t\t<\/div>\n\t\t\t\t<\/div>\n\t\t\t\t\t<\/div>\n\t\t\t\t<\/div>\n\t\t<div class=\"elementor-element elementor-element-291f8ad2 v-center-cols e-flex e-con-boxed e-con e-parent\" data-id=\"291f8ad2\" data-element_type=\"container\">\n\t\t\t\t\t<div class=\"e-con-inner\">\n\t\t<div class=\"elementor-element elementor-element-297bb962 e-con-full e-flex e-con e-child\" data-id=\"297bb962\" data-element_type=\"container\">\n\t\t\t\t<div class=\"elementor-element elementor-element-3d1380b5 elementor-widget elementor-widget-text-editor\" data-id=\"3d1380b5\" data-element_type=\"widget\" data-widget_type=\"text-editor.default\">\n\t\t\t\t\t\t\t\t\t<div class=\"elementor-element elementor-element-b8f14b3 elementor-widget elementor-widget-heading\" data-id=\"b8f14b3\" data-element_type=\"widget\" data-widget_type=\"heading.default\"><div class=\"elementor-widget-container\"><p class=\"elementor-heading-title elementor-size-default\"><strong><span style=\"color: #009473;\">Lr\u00eat \u00e0 transformer votre vision en r\u00e9alit\u00e9 ?<\/span><\/strong><\/p><\/div><\/div><div class=\"elementor-element elementor-element-d019969 elementor-widget elementor-widget-heading\" data-id=\"d019969\" data-element_type=\"widget\" data-widget_type=\"heading.default\"><div class=\"elementor-widget-container\"><h2 data-start=\"124\" data-end=\"209\">Donnez Vie \u00e0 Votre Projet avec <br \/>un Expert Certifi\u00e9<\/h2><p data-start=\"211\" data-end=\"487\">Discutez de votre projet avec un expert d\u00e9di\u00e9, b\u00e9n\u00e9ficiez d\u2019un accompagnement personnalis\u00e9 et recevez une analyse compl\u00e8te ainsi qu\u2019un devis clair et optimis\u00e9 sous 48h.<\/p><\/div><\/div>\t\t\t\t\t\t\t\t<\/div>\n\t\t\t\t<div class=\"elementor-element elementor-element-2ecb48ff bouton-bleu elementor-widget elementor-widget-button\" data-id=\"2ecb48ff\" data-element_type=\"widget\" data-widget_type=\"button.default\">\n\t\t\t\t\t\t\t\t\t\t<a class=\"elementor-button elementor-button-link elementor-size-sm\" href=\"https:\/\/mafatec.com\/preprod\/contact\/\">\n\t\t\t\t\t\t<span class=\"elementor-button-content-wrapper\">\n\t\t\t\t\t\t\t\t\t<span class=\"elementor-button-text\">Contactez-nous d\u00e8s maintenant<\/span>\n\t\t\t\t\t<\/span>\n\t\t\t\t\t<\/a>\n\t\t\t\t\t\t\t\t<\/div>\n\t\t\t\t<\/div>\n\t\t<div class=\"elementor-element elementor-element-74bca7b6 e-con-full e-flex e-con e-child\" data-id=\"74bca7b6\" data-element_type=\"container\">\n\t\t\t\t<div class=\"elementor-element elementor-element-4710d894 elementor-widget elementor-widget-image\" data-id=\"4710d894\" data-element_type=\"widget\" data-widget_type=\"image.default\">\n\t\t\t\t\t\t\t\t\t\t\t\t\t\t\t<img loading=\"lazy\" decoding=\"async\" width=\"300\" height=\"235\" src=\"https:\/\/mafatec.com\/preprod\/wp-content\/uploads\/2025\/12\/contact-mafatec-300x235.png\" class=\"attachment-medium size-medium wp-image-153\" alt=\"Contact MAFATEC\" srcset=\"https:\/\/mafatec.com\/preprod\/wp-content\/uploads\/2025\/12\/contact-mafatec-300x235.png 300w, https:\/\/mafatec.com\/preprod\/wp-content\/uploads\/2025\/12\/contact-mafatec-1024x803.png 1024w, https:\/\/mafatec.com\/preprod\/wp-content\/uploads\/2025\/12\/contact-mafatec-768x603.png 768w, https:\/\/mafatec.com\/preprod\/wp-content\/uploads\/2025\/12\/contact-mafatec-600x471.png 600w, https:\/\/mafatec.com\/preprod\/wp-content\/uploads\/2025\/12\/contact-mafatec.png 1188w\" sizes=\"(max-width: 300px) 100vw, 300px\" \/>\t\t\t\t\t\t\t\t\t\t\t\t\t\t\t<\/div>\n\t\t\t\t<\/div>\n\t\t\t\t\t<\/div>\n\t\t\t\t<\/div>\n\t\t\t\t<\/div>\n\t\t","protected":false},"excerpt":{"rendered":"<p>La Base de Notre Engagement Qualit\u00e9\u200b Nos Certifications Une Preuve d\u2019Excellence Technique et de Fiabilit\u00e9\u200b Des Gages de Confiance pour des Prestations Conformes aux Normes les Plus \u00c9lev\u00e9es\u200b Les certifications que MAFATEC a obtenues sont bien plus que des labels : elles sont la preuve tangible de notre engagement \u00e0 respecter les normes les plus [&hellip;]<\/p>\n","protected":false},"author":1,"featured_media":0,"parent":0,"menu_order":0,"comment_status":"closed","ping_status":"closed","template":"","meta":{"footnotes":""},"class_list":["post-162","page","type-page","status-publish","hentry"],"jetpack_sharing_enabled":true,"_links":{"self":[{"href":"https:\/\/mafatec.com\/preprod\/wp-json\/wp\/v2\/pages\/162","targetHints":{"allow":["GET"]}}],"collection":[{"href":"https:\/\/mafatec.com\/preprod\/wp-json\/wp\/v2\/pages"}],"about":[{"href":"https:\/\/mafatec.com\/preprod\/wp-json\/wp\/v2\/types\/page"}],"author":[{"embeddable":true,"href":"https:\/\/mafatec.com\/preprod\/wp-json\/wp\/v2\/users\/1"}],"replies":[{"embeddable":true,"href":"https:\/\/mafatec.com\/preprod\/wp-json\/wp\/v2\/comments?post=162"}],"version-history":[{"count":56,"href":"https:\/\/mafatec.com\/preprod\/wp-json\/wp\/v2\/pages\/162\/revisions"}],"predecessor-version":[{"id":958,"href":"https:\/\/mafatec.com\/preprod\/wp-json\/wp\/v2\/pages\/162\/revisions\/958"}],"wp:attachment":[{"href":"https:\/\/mafatec.com\/preprod\/wp-json\/wp\/v2\/media?parent=162"}],"curies":[{"name":"wp","href":"https:\/\/api.w.org\/{rel}","templated":true}]}}